{"id":21962,"date":"2025-11-24T08:43:30","date_gmt":"2025-11-24T08:43:30","guid":{"rendered":"http:\/\/avala-home.com\/why-avala\/"},"modified":"2026-01-13T12:31:14","modified_gmt":"2026-01-13T12:31:14","slug":"zasto-avala-kontejneri","status":"publish","type":"page","link":"https:\/\/avala-home.com\/sr\/zasto-avala-kontejneri\/","title":{"rendered":"Za\u0161to Avala kontejneri"},"content":{"rendered":"\t\t<div data-elementor-type=\"wp-page\" data-elementor-id=\"21962\" class=\"elementor elementor-21962 elementor-19868\">\n\t\t\t\t<div class=\"elementor-element elementor-element-e043af3 e-flex e-con-boxed e-con e-parent\" data-id=\"e043af3\" data-element_type=\"container\" data-settings=\"{&quot;background_background&quot;:&quot;classic&quot;}\">\n\t\t\t\t\t<div class=\"e-con-inner\">\n\t\t<div class=\"elementor-element elementor-element-a650527 e-con-full e-flex e-con e-child\" data-id=\"a650527\" data-element_type=\"container\">\n\t\t<div class=\"elementor-element elementor-element-9146d7a e-con-full e-flex e-con e-child\" data-id=\"9146d7a\" data-element_type=\"container\">\n\t\t<div class=\"elementor-element elementor-element-76d14a8 e-con-full e-flex e-con e-child\" data-id=\"76d14a8\" data-element_type=\"container\">\n\t\t\t\t<div class=\"elementor-element elementor-element-0ac7a39 elementor-widget elementor-widget-image\" data-id=\"0ac7a39\" data-element_type=\"widget\" data-widget_type=\"image.default\">\n\t\t\t\t\t\t\t\t\t\t\t\t\t\t\t<img decoding=\"async\" src=\"https:\/\/avala-home.com\/wp-content\/uploads\/elementor\/thumbs\/zasto-avala-rh3sk9yavnmwnmll43ecy8jcl6djjls86ndoxv9ugg.jpg\" title=\"zasto-avala\" alt=\"zasto-avala\" loading=\"lazy\" \/>\t\t\t\t\t\t\t\t\t\t\t\t\t\t\t<\/div>\n\t\t\t\t<\/div>\n\t\t<div class=\"elementor-element elementor-element-4cafe48 e-con-full e-flex e-con e-child\" data-id=\"4cafe48\" data-element_type=\"container\">\n\t\t\t\t<div class=\"elementor-element elementor-element-0a07729 animated-fast elementor-widget__width-inherit elementor-invisible elementor-widget elementor-widget-text-editor\" data-id=\"0a07729\" data-element_type=\"widget\" data-settings=\"{&quot;_animation&quot;:&quot;fadeInUp&quot;,&quot;_animation_delay&quot;:200}\" data-widget_type=\"text-editor.default\">\n\t\t\t\t\t\t\t\t\t<strong>U Avali verujemo da va\u0161 novi dom nije samo struktura \u2013 on je temelj sre\u0107e, mesto za dragocene trenutke i okru\u017eenje za \u017eivot pun energije i ispunjenja. To je prava svrha doma. Zato je izbor pravog partnera za njegovu izgradnju jedna od najva\u017enijih odluka koje \u0107ete doneti.<\/strong>\t\t\t\t\t\t\t\t<\/div>\n\t\t\t\t<div class=\"elementor-element elementor-element-487d9c1 elementor-widget-divider--view-line_icon animated-fast elementor-view-default elementor-widget-divider--element-align-center elementor-invisible elementor-widget elementor-widget-divider\" data-id=\"487d9c1\" data-element_type=\"widget\" data-settings=\"{&quot;_animation&quot;:&quot;fadeInUp&quot;}\" data-widget_type=\"divider.default\">\n\t\t\t\t\t\t\t<div class=\"elementor-divider\">\n\t\t\t<span class=\"elementor-divider-separator\">\n\t\t\t\t\t\t\t<div class=\"elementor-icon elementor-divider__element\">\n\t\t\t\t\t<svg xmlns=\"http:\/\/www.w3.org\/2000\/svg\" id=\"Layer_2\" data-name=\"Layer 2\" viewBox=\"0 0 60 40.97\"><defs><style>      .cls-1 {        fill: #d2ad43;      }    <\/style><\/defs><g id=\"Layer_1-2\" data-name=\"Layer 1\"><path class=\"cls-1\" d=\"M36.58,0V36.81h.92c.15,0,.31,.02,.46,.03,.08,0,.16,.01,.24,.02,.08,0,.17,.01,.26,.02,.09,0,.18,.01,.28,.02,.25,.02,.51,.04,.76,.06,.27,.02,.55,.05,.82,.07,.54,.04,1.07,.09,1.61,.13,.44,.04,.87,.07,1.31,.11,.06,0,.12,.01,.19,.02,.13,.01,.25,.02,.38,.03,1.18,.1,2.36,.19,3.54,.29,1.01,.08,2.03,.17,3.04,.25,1.18,.1,2.35,.19,3.53,.29,.13,.01,.25,.02,.38,.03,.06,0,.12,.01,.19,.02,.44,.04,.87,.07,1.31,.11,.53,.04,1.06,.09,1.59,.13,.27,.02,.54,.04,.81,.07,.29,.02,.58,.05,.88,.07,.09,0,.17,.01,.26,.02,.08,0,.16,.01,.24,.02,.07,0,.14,.01,.2,.02q.15,.02,.23,.1c0,.17,0,.33,0,.5,0,.1,0,.2,0,.3,0,.11,0,.21,0,.32,0,.11,0,.21,0,.32,0,.26,0,.53,0,.79-2.86-.22-5.73-.45-8.59-.69-.57-.05-1.15-.1-1.72-.14-.1,0-.19-.02-.29-.02-.39-.03-.78-.07-1.18-.1-1.1-.09-2.2-.18-3.29-.28-.89-.08-1.78-.15-2.66-.22-.46-.04-.93-.08-1.39-.12-.44-.04-.87-.07-1.31-.11-.16-.01-.31-.03-.47-.04-1.79-.16-3.56-.16-5.36-.19V1.16c.62-.28,1.23-.57,1.86-.84,.07-.03,.14-.06,.21-.09,.07-.03,.14-.06,.21-.09q.09-.04,.18-.08t.39-.06Z\"><\/path><path class=\"cls-1\" d=\"M4.77,13.48v26.11q-2.36,.04-4.77,.08V15.48c.48-.24,.96-.47,1.45-.68,.06-.03,.12-.05,.19-.08,.19-.08,.39-.16,.58-.24,.13-.05,.26-.11,.39-.16,.25-.1,.5-.21,.75-.31,.21-.09,.42-.18,.63-.27q.12-.05,.25-.11c.07-.03,.14-.06,.21-.09q.17-.06,.32-.06Z\"><\/path><path class=\"cls-1\" d=\"M13.71,9.7v29.73h-3.54V11.17c.46-.23,.92-.46,1.39-.66,.05-.02,.11-.05,.17-.07,.11-.05,.23-.1,.34-.15,.17-.07,.35-.15,.52-.22,.11-.05,.22-.09,.33-.14,.05-.02,.1-.04,.16-.07,.22-.09,.38-.15,.62-.15Z\"><\/path><path class=\"cls-1\" d=\"M9.01,11.71v27.8h-3.47V13.09q3.2-1.39,3.47-1.39Z\"><\/path><path class=\"cls-1\" d=\"M18.25,7.78v31.57h-3V9.01c.6-.3,1.19-.57,1.8-.83q.14-.06,.27-.12c.09-.04,.17-.07,.26-.11,.08-.03,.16-.07,.24-.1q.2-.07,.43-.07Z\"><\/path><path class=\"cls-1\" d=\"M31.73,2.08V39.12h-2.54V3.08q2.25-1,2.54-1Z\"><\/path><path class=\"cls-1\" d=\"M39.12,2.93c.43,.05,.81,.12,1.22,.24,.06,.02,.12,.03,.18,.05,.19,.05,.38,.11,.58,.16,.14,.04,.28,.08,.42,.12,.3,.08,.6,.17,.89,.25,.47,.14,.95,.27,1.42,.4,.58,.16,1.16,.33,1.74,.49,1.45,.41,2.91,.82,4.36,1.23,.44,.12,.88,.25,1.32,.37,.35,.1,.69,.2,1.04,.29q.1,.03,.2,.06c.79,.22,1.57,.44,2.36,.66,.08,.02,.15,.04,.23,.06,.37,.1,.75,.21,1.12,.31,.13,.04,.27,.07,.4,.11,.06,.02,.12,.03,.19,.05q.42,.12,.59,.2v27.57c-.66-.05-1.32-.1-2-.15V9.55c-.25-.05-.51-.1-.77-.15-.19-.05-.38-.1-.58-.16-.05-.01-.11-.03-.16-.05-.17-.05-.35-.1-.52-.15-.13-.04-.25-.07-.38-.11-.34-.1-.68-.19-1.03-.29-.36-.1-.72-.21-1.08-.31-.46-.13-.91-.26-1.37-.39-1.12-.32-2.25-.64-3.37-.95-.16-.05-.32-.09-.48-.14q-.93-.26-1.87-.53c-1.55-.44-3.1-.88-4.64-1.33V2.93Z\"><\/path><path class=\"cls-1\" d=\"M27.11,4V39.2h-2.54V5.01q2.39-1,2.54-1Z\"><\/path><path class=\"cls-1\" d=\"M22.49,5.93V39.28h-2.54V7.01q1.34-.62,1.88-.84c.06-.02,.11-.05,.17-.07q.4-.17,.49-.17Z\"><\/path><\/g><\/svg><\/div>\n\t\t\t\t\t\t<\/span>\n\t\t<\/div>\n\t\t\t\t\t\t<\/div>\n\t\t\t\t<\/div>\n\t\t\t\t<\/div>\n\t\t\t\t<\/div>\n\t\t\t\t\t<\/div>\n\t\t\t\t<\/div>\n\t\t<div class=\"elementor-element elementor-element-f2d5dfc e-flex e-con-boxed e-con e-parent\" data-id=\"f2d5dfc\" data-element_type=\"container\" data-settings=\"{&quot;background_background&quot;:&quot;classic&quot;}\">\n\t\t\t\t\t<div class=\"e-con-inner\">\n\t\t\t\t<div class=\"elementor-element elementor-element-5e14b56 animated-fast elementor-invisible elementor-widget elementor-widget-houzez_elementor_icon_box\" data-id=\"5e14b56\" data-element_type=\"widget\" data-settings=\"{&quot;_animation&quot;:&quot;fadeInUp&quot;,&quot;_animation_delay&quot;:200}\" data-widget_type=\"houzez_elementor_icon_box.default\">\n\t\t\t\t<div class=\"elementor-widget-container\">\n\t\t\t\t\t\n        <div class=\"text-with-icons-module row row-cols-1 row-cols-md-2 row-cols-lg-3 g-0\">\n            \n                    <div class=\"text-with-icon-item text-with-icon-item-v2\">\n                        <div class=\"d-flex\">\n                            <div class=\"houzez-icon icon-thumb\">\n                                <img decoding=\"async\" width=\"150\" height=\"150\" src=\"https:\/\/avala-home.com\/wp-content\/uploads\/2025\/11\/white-Transportable-copy.png\" class=\"attachment-thumbnail size-thumbnail\" alt=\"\" \/>                            <\/div><!-- icon-thumb -->\n                            <div class=\"text-with-icon-content-wrap flex-grow-1\">\n                                <div class=\"text-with-icon-info\">\n                                    <div class=\"text-with-icon-title\">\n                                        <strong>Prenosivi<\/strong>\n                                    <\/div><!-- text-with-icon-title -->\n                                    <div class=\"text-with-icon-body\">\n                                        Sve na\u0161e kontejnerske ku\u0107e su potpuno prenosive. Mogu se lako transportovati i\nisporu\u010diti na bilo koju lokaciju, spremne za useljenje sa svom prate\u0107om opremom.                                    <\/div><!-- text-with-icon-body -->\n                                <\/div><!-- text-with-icon-info -->\n                                \n                                \n                            <\/div><!-- text-with-icon-content-wrap -->\n                        <\/div><!-- d-flex -->\n                    <\/div><!-- text-with-icon-item  -->\n\n            \n                    <div class=\"text-with-icon-item text-with-icon-item-v2\">\n                        <div class=\"d-flex\">\n                            <div class=\"houzez-icon icon-thumb\">\n                                <img decoding=\"async\" width=\"150\" height=\"150\" src=\"https:\/\/avala-home.com\/wp-content\/uploads\/2025\/11\/white-energy-efficient.png\" class=\"attachment-thumbnail size-thumbnail\" alt=\"\" \/>                            <\/div><!-- icon-thumb -->\n                            <div class=\"text-with-icon-content-wrap flex-grow-1\">\n                                <div class=\"text-with-icon-info\">\n                                    <div class=\"text-with-icon-title\">\n                                        <strong>Energetski efikasni<\/strong>\n                                    <\/div><!-- text-with-icon-title -->\n                                    <div class=\"text-with-icon-body\">\n                                        Avala home moduli koriste vrhunsku izolaciju poliuretanskom penom\nzatvorenih \u0107elija, \u0161to obezbe\u0111uje maksimalnu energetsku efikasnost. Dodatno, opremljeni su sedmokomornim prozorima sa troslojnim staklom za optimalnu termalnu za\u0161titu.                                    <\/div><!-- text-with-icon-body -->\n                                <\/div><!-- text-with-icon-info -->\n                                \n                                \n                            <\/div><!-- text-with-icon-content-wrap -->\n                        <\/div><!-- d-flex -->\n                    <\/div><!-- text-with-icon-item  -->\n\n            \n                    <div class=\"text-with-icon-item text-with-icon-item-v2\">\n                        <div class=\"d-flex\">\n                            <div class=\"houzez-icon icon-thumb\">\n                                <img decoding=\"async\" width=\"150\" height=\"150\" src=\"https:\/\/avala-home.com\/wp-content\/uploads\/2025\/11\/white-Environmentally-friendly.png\" class=\"attachment-thumbnail size-thumbnail\" alt=\"\" \/>                            <\/div><!-- icon-thumb -->\n                            <div class=\"text-with-icon-content-wrap flex-grow-1\">\n                                <div class=\"text-with-icon-info\">\n                                    <div class=\"text-with-icon-title\">\n                                        <strong>Ekolo\u0161ki<\/strong>\n                                    <\/div><!-- text-with-icon-title -->\n                                    <div class=\"text-with-icon-body\">\n                                        Pratimo globalne trendove ka odr\u017eivoj gradnji koriste\u0107i ekolo\u0161ke materijale.\nSvakim projektom dajemo novi \u017eivot iskori\u0161\u0107enim transportnim kontejnerima, smanjuju\u0107i\notpad i doprinose\u0107i za\u0161titi okoline.                                    <\/div><!-- text-with-icon-body -->\n                                <\/div><!-- text-with-icon-info -->\n                                \n                                \n                            <\/div><!-- text-with-icon-content-wrap -->\n                        <\/div><!-- d-flex -->\n                    <\/div><!-- text-with-icon-item  -->\n\n            \n                    <div class=\"text-with-icon-item text-with-icon-item-v2\">\n                        <div class=\"d-flex\">\n                            <div class=\"houzez-icon icon-thumb\">\n                                <img loading=\"lazy\" decoding=\"async\" width=\"150\" height=\"150\" src=\"https:\/\/avala-home.com\/wp-content\/uploads\/2025\/11\/white-Durable.png\" class=\"attachment-thumbnail size-thumbnail\" alt=\"\" \/>                            <\/div><!-- icon-thumb -->\n                            <div class=\"text-with-icon-content-wrap flex-grow-1\">\n                                <div class=\"text-with-icon-info\">\n                                    <div class=\"text-with-icon-title\">\n                                        <strong>Izdr\u017eljivi<\/strong>\n                                    <\/div><!-- text-with-icon-title -->\n                                    <div class=\"text-with-icon-body\">\n                                        Izra\u0111eni od specijalnog CORTEN \u010delika, na\u0161i kontejneri su izuzetno otporni i\nmogu se pomerati vi\u0161e puta bez o\u0161te\u0107enja. Modularne ku\u0107e su dizajnirane da izdr\u017ee zemljotrese, poplave i druge prirodne katastrofe.                                    <\/div><!-- text-with-icon-body -->\n                                <\/div><!-- text-with-icon-info -->\n                                \n                                \n                            <\/div><!-- text-with-icon-content-wrap -->\n                        <\/div><!-- d-flex -->\n                    <\/div><!-- text-with-icon-item  -->\n\n            \n                    <div class=\"text-with-icon-item text-with-icon-item-v2\">\n                        <div class=\"d-flex\">\n                            <div class=\"houzez-icon icon-thumb\">\n                                <img loading=\"lazy\" decoding=\"async\" width=\"150\" height=\"150\" src=\"https:\/\/avala-home.com\/wp-content\/uploads\/2025\/11\/white-Affordable.png\" class=\"attachment-thumbnail size-thumbnail\" alt=\"\" \/>                            <\/div><!-- icon-thumb -->\n                            <div class=\"text-with-icon-content-wrap flex-grow-1\">\n                                <div class=\"text-with-icon-info\">\n                                    <div class=\"text-with-icon-title\">\n                                        <strong>Pristupa\u010dni<\/strong>\n                                    <\/div><!-- text-with-icon-title -->\n                                    <div class=\"text-with-icon-body\">\n                                        Ugra\u0111ujemo materijale po standardima i ekolo\u0161kim otiskom, nude\u0107i izvanredan odnos cene i kvaliteta. Na\u0161e kontejnerske ku\u0107e predstavljaju pametnu investiciju bez kompromisa.                                    <\/div><!-- text-with-icon-body -->\n                                <\/div><!-- text-with-icon-info -->\n                                \n                                \n                            <\/div><!-- text-with-icon-content-wrap -->\n                        <\/div><!-- d-flex -->\n                    <\/div><!-- text-with-icon-item  -->\n\n            \n                    <div class=\"text-with-icon-item text-with-icon-item-v2\">\n                        <div class=\"d-flex\">\n                            <div class=\"houzez-icon icon-thumb\">\n                                <img loading=\"lazy\" decoding=\"async\" width=\"150\" height=\"150\" src=\"https:\/\/avala-home.com\/wp-content\/uploads\/2025\/11\/white-Fasr-construction.png\" class=\"attachment-thumbnail size-thumbnail\" alt=\"\" \/>                            <\/div><!-- icon-thumb -->\n                            <div class=\"text-with-icon-content-wrap flex-grow-1\">\n                                <div class=\"text-with-icon-info\">\n                                    <div class=\"text-with-icon-title\">\n                                        <strong>Brza izrada<\/strong>\n                                    <\/div><!-- text-with-icon-title -->\n                                    <div class=\"text-with-icon-body\">\n                                        Vreme izrade zavisi od specifi\u010dnosti projekta, ali na primer, ku\u0107a od 30m\u00b2\nmo\u017ee biti gotova za samo 6-8 nedelja. Isporuka traje samo 1-2 dana, omogu\u0107avaju\u0107i brzo useljenje.                                    <\/div><!-- text-with-icon-body -->\n                                <\/div><!-- text-with-icon-info -->\n                                \n                                \n                            <\/div><!-- text-with-icon-content-wrap -->\n                        <\/div><!-- d-flex -->\n                    <\/div><!-- text-with-icon-item  -->\n\n            \n                    <div class=\"text-with-icon-item text-with-icon-item-v2\">\n                        <div class=\"d-flex\">\n                            <div class=\"houzez-icon icon-thumb\">\n                                <img loading=\"lazy\" decoding=\"async\" width=\"150\" height=\"150\" src=\"https:\/\/avala-home.com\/wp-content\/uploads\/2025\/11\/white-Modern.png\" class=\"attachment-thumbnail size-thumbnail\" alt=\"\" \/>                            <\/div><!-- icon-thumb -->\n                            <div class=\"text-with-icon-content-wrap flex-grow-1\">\n                                <div class=\"text-with-icon-info\">\n                                    <div class=\"text-with-icon-title\">\n                                        <strong>Moderni<\/strong>\n                                    <\/div><!-- text-with-icon-title -->\n                                    <div class=\"text-with-icon-body\">\n                                        Kontejnerske ku\u0107e i vikendice donose inovativan industrijski dizajn koji se\nsavr\u0161eno uklapa u svako okru\u017eenje. Luksuzni \"smart\" kontejneri postaju sve popularniji u savremenoj arhitekturi i javnim prostorima.                                    <\/div><!-- text-with-icon-body -->\n                                <\/div><!-- text-with-icon-info -->\n                                \n                                \n                            <\/div><!-- text-with-icon-content-wrap -->\n                        <\/div><!-- d-flex -->\n                    <\/div><!-- text-with-icon-item  -->\n\n            \n                    <div class=\"text-with-icon-item text-with-icon-item-v2\">\n                        <div class=\"d-flex\">\n                            <div class=\"houzez-icon icon-thumb\">\n                                <img loading=\"lazy\" decoding=\"async\" width=\"150\" height=\"150\" src=\"https:\/\/avala-home.com\/wp-content\/uploads\/2025\/11\/white-Flexible-layout-copy.png\" class=\"attachment-thumbnail size-thumbnail\" alt=\"\" \/>                            <\/div><!-- icon-thumb -->\n                            <div class=\"text-with-icon-content-wrap flex-grow-1\">\n                                <div class=\"text-with-icon-info\">\n                                    <div class=\"text-with-icon-title\">\n                                        <strong>Fleksibilan dizajn<\/strong>\n                                    <\/div><!-- text-with-icon-title -->\n                                    <div class=\"text-with-icon-body\">\n                                        Uz moderan izgled, na\u0161i luksuzni kontejneri nude neograni\u010dene\nmogu\u0107nosti prilago\u0111avanja. Vi odlu\u010dujete o rasporedu, materijalima i finalnom dizajnu \u2013 kreirajte dom po svojoj meri!                                    <\/div><!-- text-with-icon-body -->\n                                <\/div><!-- text-with-icon-info -->\n                                \n                                \n                            <\/div><!-- text-with-icon-content-wrap -->\n                        <\/div><!-- d-flex -->\n                    <\/div><!-- text-with-icon-item  -->\n\n            \n                    <div class=\"text-with-icon-item text-with-icon-item-v2\">\n                        <div class=\"d-flex\">\n                            <div class=\"houzez-icon icon-thumb\">\n                                <img loading=\"lazy\" decoding=\"async\" width=\"150\" height=\"150\" src=\"https:\/\/avala-home.com\/wp-content\/uploads\/2025\/11\/white-Construction-permit.png\" class=\"attachment-thumbnail size-thumbnail\" alt=\"\" \/>                            <\/div><!-- icon-thumb -->\n                            <div class=\"text-with-icon-content-wrap flex-grow-1\">\n                                <div class=\"text-with-icon-info\">\n                                    <div class=\"text-with-icon-title\">\n                                        <strong>Bez dozvola<\/strong>\n                                    <\/div><!-- text-with-icon-title -->\n                                    <div class=\"text-with-icon-body\">\n                                        Za postavljanje ovih objekata nisu potrebne gra\u0111evinske dozvole, \u0161to ubrzava\nceo proces. Preporu\u010dujemo konsultaciju u lokalnim op\u0161tinama za potvrdu specifi\u010dnih propisa.                                    <\/div><!-- text-with-icon-body -->\n                                <\/div><!-- text-with-icon-info -->\n                                \n                                \n                            <\/div><!-- text-with-icon-content-wrap -->\n                        <\/div><!-- d-flex -->\n                    <\/div><!-- text-with-icon-item  -->\n\n                    <\/div>\n    \t\t\t\t<\/div>\n\t\t\t\t<\/div>\n\t\t\t\t\t<\/div>\n\t\t\t\t<\/div>\n\t\t\t\t<\/div>\n\t\t","protected":false},"excerpt":{"rendered":"<p>U Avali verujemo da va\u0161 novi dom nije samo struktura \u2013 on je temelj sre\u0107e, mesto za dragocene trenutke i okru\u017eenje za \u017eivot pun energije i ispunjenja. To je prava svrha doma. Zato je izbor pravog partnera za njegovu izgradnju jedna od najva\u017enijih odluka koje \u0107ete doneti. Prenosivi Sve na\u0161e kontejnerske ku\u0107e su potpuno prenosive. [&hellip;]<\/p>\n","protected":false},"author":1,"featured_media":0,"parent":0,"menu_order":0,"comment_status":"closed","ping_status":"closed","template":"template\/template-homepage.php","meta":{"footnotes":""},"class_list":["post-21962","page","type-page","status-publish","hentry"],"aioseo_notices":[],"_links":{"self":[{"href":"https:\/\/avala-home.com\/sr\/wp-json\/wp\/v2\/pages\/21962","targetHints":{"allow":["GET"]}}],"collection":[{"href":"https:\/\/avala-home.com\/sr\/wp-json\/wp\/v2\/pages"}],"about":[{"href":"https:\/\/avala-home.com\/sr\/wp-json\/wp\/v2\/types\/page"}],"author":[{"embeddable":true,"href":"https:\/\/avala-home.com\/sr\/wp-json\/wp\/v2\/users\/1"}],"replies":[{"embeddable":true,"href":"https:\/\/avala-home.com\/sr\/wp-json\/wp\/v2\/comments?post=21962"}],"version-history":[{"count":39,"href":"https:\/\/avala-home.com\/sr\/wp-json\/wp\/v2\/pages\/21962\/revisions"}],"predecessor-version":[{"id":23356,"href":"https:\/\/avala-home.com\/sr\/wp-json\/wp\/v2\/pages\/21962\/revisions\/23356"}],"wp:attachment":[{"href":"https:\/\/avala-home.com\/sr\/wp-json\/wp\/v2\/media?parent=21962"}],"curies":[{"name":"wp","href":"https:\/\/api.w.org\/{rel}","templated":true}]}}