{"id":21960,"date":"2025-11-24T08:44:03","date_gmt":"2025-11-24T08:44:03","guid":{"rendered":"http:\/\/avala-home.com\/thermal-and-acustic-technology\/"},"modified":"2026-01-22T09:33:10","modified_gmt":"2026-01-22T09:33:10","slug":"thermal-and-acustic-technology","status":"publish","type":"page","link":"https:\/\/avala-home.com\/sr\/thermal-and-acustic-technology\/","title":{"rendered":"Thermal and acustic technology"},"content":{"rendered":"\t\t<div data-elementor-type=\"wp-page\" data-elementor-id=\"21960\" class=\"elementor elementor-21960 elementor-19872\">\n\t\t\t\t<div class=\"elementor-element elementor-element-f4d3b72 e-flex e-con-boxed e-con e-parent\" data-id=\"f4d3b72\" data-element_type=\"container\" data-settings=\"{&quot;background_background&quot;:&quot;classic&quot;}\">\n\t\t\t\t\t<div class=\"e-con-inner\">\n\t\t<div class=\"elementor-element elementor-element-bf9c813 e-con-full e-flex e-con e-child\" data-id=\"bf9c813\" data-element_type=\"container\">\n\t\t<div class=\"elementor-element elementor-element-058f009 e-con-full e-flex e-con e-child\" data-id=\"058f009\" data-element_type=\"container\">\n\t\t<div class=\"elementor-element elementor-element-5e3b95c e-con-full e-flex e-con e-child\" data-id=\"5e3b95c\" data-element_type=\"container\">\n\t\t\t\t<div class=\"elementor-element elementor-element-90bc515 elementor-widget elementor-widget-image\" data-id=\"90bc515\" data-element_type=\"widget\" data-widget_type=\"image.default\">\n\t\t\t\t\t\t\t\t\t\t\t\t\t\t\t<img decoding=\"async\" src=\"https:\/\/avala-home.com\/wp-content\/uploads\/elementor\/thumbs\/termo-akusticna-1-ri0u7aeu20l687z2ft0ykhmljzhc2l20ooji698ga8.jpg\" title=\"termo-akusticna\" alt=\"termo-akusticna\" loading=\"lazy\" \/>\t\t\t\t\t\t\t\t\t\t\t\t\t\t\t<\/div>\n\t\t\t\t<\/div>\n\t\t<div class=\"elementor-element elementor-element-ffec745 e-con-full e-flex e-con e-child\" data-id=\"ffec745\" data-element_type=\"container\">\n\t\t\t\t<div class=\"elementor-element elementor-element-5aa18c6 animated-fast elementor-widget__width-inherit elementor-invisible elementor-widget elementor-widget-text-editor\" data-id=\"5aa18c6\" data-element_type=\"widget\" data-settings=\"{&quot;_animation&quot;:&quot;fadeInUp&quot;,&quot;_animation_delay&quot;:200}\" data-widget_type=\"text-editor.default\">\n\t\t\t\t\t\t\t\t\t<p><strong>Su\u0161tina na\u0161eg komfora je visokoperformansni zidni sistem. On objedinjuje konstrukcionu \u010dvrsto\u0107u, vrhunsku toplotnu i zvu\u010dnu izolaciju, kao i kvalitetne zavr\u0161ne obrade, stvaraju\u0107i izuzetno prijatan ambijent sa idealnom temperaturom i akustikom.<\/strong><\/p>\t\t\t\t\t\t\t\t<\/div>\n\t\t\t\t<div class=\"elementor-element elementor-element-22964b0 elementor-widget-divider--view-line_icon animated-fast elementor-view-default elementor-widget-divider--element-align-center elementor-invisible elementor-widget elementor-widget-divider\" data-id=\"22964b0\" data-element_type=\"widget\" data-settings=\"{&quot;_animation&quot;:&quot;fadeInUp&quot;}\" data-widget_type=\"divider.default\">\n\t\t\t\t\t\t\t<div class=\"elementor-divider\">\n\t\t\t<span class=\"elementor-divider-separator\">\n\t\t\t\t\t\t\t<div class=\"elementor-icon elementor-divider__element\">\n\t\t\t\t\t<svg xmlns=\"http:\/\/www.w3.org\/2000\/svg\" id=\"Layer_2\" data-name=\"Layer 2\" viewBox=\"0 0 60 40.97\"><defs><style>      .cls-1 {        fill: #d2ad43;      }    <\/style><\/defs><g id=\"Layer_1-2\" data-name=\"Layer 1\"><path class=\"cls-1\" d=\"M36.58,0V36.81h.92c.15,0,.31,.02,.46,.03,.08,0,.16,.01,.24,.02,.08,0,.17,.01,.26,.02,.09,0,.18,.01,.28,.02,.25,.02,.51,.04,.76,.06,.27,.02,.55,.05,.82,.07,.54,.04,1.07,.09,1.61,.13,.44,.04,.87,.07,1.31,.11,.06,0,.12,.01,.19,.02,.13,.01,.25,.02,.38,.03,1.18,.1,2.36,.19,3.54,.29,1.01,.08,2.03,.17,3.04,.25,1.18,.1,2.35,.19,3.53,.29,.13,.01,.25,.02,.38,.03,.06,0,.12,.01,.19,.02,.44,.04,.87,.07,1.31,.11,.53,.04,1.06,.09,1.59,.13,.27,.02,.54,.04,.81,.07,.29,.02,.58,.05,.88,.07,.09,0,.17,.01,.26,.02,.08,0,.16,.01,.24,.02,.07,0,.14,.01,.2,.02q.15,.02,.23,.1c0,.17,0,.33,0,.5,0,.1,0,.2,0,.3,0,.11,0,.21,0,.32,0,.11,0,.21,0,.32,0,.26,0,.53,0,.79-2.86-.22-5.73-.45-8.59-.69-.57-.05-1.15-.1-1.72-.14-.1,0-.19-.02-.29-.02-.39-.03-.78-.07-1.18-.1-1.1-.09-2.2-.18-3.29-.28-.89-.08-1.78-.15-2.66-.22-.46-.04-.93-.08-1.39-.12-.44-.04-.87-.07-1.31-.11-.16-.01-.31-.03-.47-.04-1.79-.16-3.56-.16-5.36-.19V1.16c.62-.28,1.23-.57,1.86-.84,.07-.03,.14-.06,.21-.09,.07-.03,.14-.06,.21-.09q.09-.04,.18-.08t.39-.06Z\"><\/path><path class=\"cls-1\" d=\"M4.77,13.48v26.11q-2.36,.04-4.77,.08V15.48c.48-.24,.96-.47,1.45-.68,.06-.03,.12-.05,.19-.08,.19-.08,.39-.16,.58-.24,.13-.05,.26-.11,.39-.16,.25-.1,.5-.21,.75-.31,.21-.09,.42-.18,.63-.27q.12-.05,.25-.11c.07-.03,.14-.06,.21-.09q.17-.06,.32-.06Z\"><\/path><path class=\"cls-1\" d=\"M13.71,9.7v29.73h-3.54V11.17c.46-.23,.92-.46,1.39-.66,.05-.02,.11-.05,.17-.07,.11-.05,.23-.1,.34-.15,.17-.07,.35-.15,.52-.22,.11-.05,.22-.09,.33-.14,.05-.02,.1-.04,.16-.07,.22-.09,.38-.15,.62-.15Z\"><\/path><path class=\"cls-1\" d=\"M9.01,11.71v27.8h-3.47V13.09q3.2-1.39,3.47-1.39Z\"><\/path><path class=\"cls-1\" d=\"M18.25,7.78v31.57h-3V9.01c.6-.3,1.19-.57,1.8-.83q.14-.06,.27-.12c.09-.04,.17-.07,.26-.11,.08-.03,.16-.07,.24-.1q.2-.07,.43-.07Z\"><\/path><path class=\"cls-1\" d=\"M31.73,2.08V39.12h-2.54V3.08q2.25-1,2.54-1Z\"><\/path><path class=\"cls-1\" d=\"M39.12,2.93c.43,.05,.81,.12,1.22,.24,.06,.02,.12,.03,.18,.05,.19,.05,.38,.11,.58,.16,.14,.04,.28,.08,.42,.12,.3,.08,.6,.17,.89,.25,.47,.14,.95,.27,1.42,.4,.58,.16,1.16,.33,1.74,.49,1.45,.41,2.91,.82,4.36,1.23,.44,.12,.88,.25,1.32,.37,.35,.1,.69,.2,1.04,.29q.1,.03,.2,.06c.79,.22,1.57,.44,2.36,.66,.08,.02,.15,.04,.23,.06,.37,.1,.75,.21,1.12,.31,.13,.04,.27,.07,.4,.11,.06,.02,.12,.03,.19,.05q.42,.12,.59,.2v27.57c-.66-.05-1.32-.1-2-.15V9.55c-.25-.05-.51-.1-.77-.15-.19-.05-.38-.1-.58-.16-.05-.01-.11-.03-.16-.05-.17-.05-.35-.1-.52-.15-.13-.04-.25-.07-.38-.11-.34-.1-.68-.19-1.03-.29-.36-.1-.72-.21-1.08-.31-.46-.13-.91-.26-1.37-.39-1.12-.32-2.25-.64-3.37-.95-.16-.05-.32-.09-.48-.14q-.93-.26-1.87-.53c-1.55-.44-3.1-.88-4.64-1.33V2.93Z\"><\/path><path class=\"cls-1\" d=\"M27.11,4V39.2h-2.54V5.01q2.39-1,2.54-1Z\"><\/path><path class=\"cls-1\" d=\"M22.49,5.93V39.28h-2.54V7.01q1.34-.62,1.88-.84c.06-.02,.11-.05,.17-.07q.4-.17,.49-.17Z\"><\/path><\/g><\/svg><\/div>\n\t\t\t\t\t\t<\/span>\n\t\t<\/div>\n\t\t\t\t\t\t<\/div>\n\t\t\t\t<\/div>\n\t\t\t\t<\/div>\n\t\t\t\t<\/div>\n\t\t\t\t\t<\/div>\n\t\t\t\t<\/div>\n\t\t<div class=\"elementor-element elementor-element-0df7391 e-flex e-con-boxed e-con e-parent\" data-id=\"0df7391\" data-element_type=\"container\" data-settings=\"{&quot;background_background&quot;:&quot;classic&quot;}\">\n\t\t\t\t\t<div class=\"e-con-inner\">\n\t\t<div class=\"elementor-element elementor-element-63cff9f e-con-full e-flex e-con e-child\" data-id=\"63cff9f\" data-element_type=\"container\">\n\t\t<div class=\"elementor-element elementor-element-12d338f e-grid e-con-full e-con e-child\" data-id=\"12d338f\" data-element_type=\"container\">\n\t\t<div class=\"elementor-element elementor-element-edb1c73 e-con-full e-flex e-con e-child\" data-id=\"edb1c73\" data-element_type=\"container\">\n\t\t\t\t<div class=\"elementor-element elementor-element-5ad3db3 animated-fast elementor-invisible elementor-widget elementor-widget-heading\" data-id=\"5ad3db3\" data-element_type=\"widget\" data-settings=\"{&quot;_animation&quot;:&quot;fadeInUp&quot;,&quot;_animation_delay&quot;:200}\" data-widget_type=\"heading.default\">\n\t\t\t\t\t<h2 class=\"elementor-heading-title elementor-size-default\">Spoljni ProWall sistem<\/h2>\t\t\t\t<\/div>\n\t\t\t\t<div class=\"elementor-element elementor-element-ac6eadb animated-fast elementor-invisible elementor-widget elementor-widget-text-editor\" data-id=\"ac6eadb\" data-element_type=\"widget\" data-settings=\"{&quot;_animation&quot;:&quot;fadeInUp&quot;,&quot;_animation_delay&quot;:200}\" data-widget_type=\"text-editor.default\">\n\t\t\t\t\t\t\t\t\t<p data-start=\"0\" data-end=\"219\">Projektovan za vrhunske performanse, Avala spoljni zidni sistem obezbe\u0111uje maksimalnu toplotnu izolaciju u skladu sa standardima niskoenergetske gradnje, dodatno unapre\u0111enu prakti\u010dnim, integrisanim instalacionim slojem.<\/p><p data-start=\"221\" data-end=\"241\" data-is-last-node=\"\" data-is-only-node=\"\">\u00a0<\/p>\t\t\t\t\t\t\t\t<\/div>\n\t\t\t\t<div class=\"elementor-element elementor-element-6e2b98d animated-fast avala-list elementor-invisible elementor-widget elementor-widget-text-editor\" data-id=\"6e2b98d\" data-element_type=\"widget\" data-settings=\"{&quot;_animation&quot;:&quot;fadeInUp&quot;,&quot;_animation_delay&quot;:200}\" data-widget_type=\"text-editor.default\">\n\t\t\t\t\t\t\t\t\t<div class=\"list-item\"><div class=\"title\"><div class=\"w-1\/2 shrink grow text-base leading-normal text-neutral-700 font-extrabold\"><strong>Ukupna debljina zida:<\/strong><\/div><\/div><div class=\"value\"><strong>130mm<\/strong><\/div><\/div><div class=\"list-item\"><div class=\"title\"><p>Kontejnerski Corten \u010deli\u010dni lim<\/p><\/div><div class=\"value\">2.5mm<\/div><\/div><div class=\"list-item\"><div class=\"title\"><p>Poliuretanska izolacija <br \/><span class=\"mwe-math-element mwe-math-element-inline\"><img decoding=\"async\" class=\"mwe-math-fallback-image-inline mw-invert skin-invert\" src=\"https:\/\/wikimedia.org\/api\/rest_v1\/media\/math\/render\/svg\/b43d0ea3c9c025af1be9128e62a18fa74bedda2a\" alt=\"{\\displaystyle \\lambda }\" aria-hidden=\"true\" \/><\/span>(W\/(m\u22c5K))= 0,028 \u00a0 \u00a0 R(m<sup>2<\/sup>\u22c5K\/W )=3,57<\/p><\/div><div class=\"value\">80-110mm<\/div><\/div><div class=\"list-item\"><div class=\"title\"><p>Pocinkovani profili za suvu gradnju:<\/p><\/div><div class=\"value\">70x30mm<\/div><\/div><div class=\"list-item\"><div class=\"title\">OSB Plo\u010da<\/div><div class=\"value\">12mm<\/div><\/div><div class=\"list-item\"><div class=\"title\"><p>HydroFlam gips-kartonska plo\u010da<\/p><\/div><div class=\"value\">12.5mm<\/div><\/div><div class=\"list-item\"><div class=\"title\"><p>Dvoslojna obrada spojeva<\/p><\/div><div class=\"value\">2mm<\/div><\/div><div class=\"list-item\"><div class=\"title\"><div class=\"page\" title=\"Page 3\"><div class=\"section\"><div class=\"layoutArea\"><div class=\"column\"><p>Akrilna boja, ekolo\u0161ki prihvatljiva<\/p><\/div><\/div><\/div><\/div><\/div><div class=\"value\">\u00a0<\/div><\/div>\t\t\t\t\t\t\t\t<\/div>\n\t\t\t\t<\/div>\n\t\t<div class=\"elementor-element elementor-element-819554e e-con-full e-flex e-con e-child\" data-id=\"819554e\" data-element_type=\"container\">\n\t\t\t\t<div class=\"elementor-element elementor-element-d6732bf elementor-widget elementor-widget-image\" data-id=\"d6732bf\" data-element_type=\"widget\" data-widget_type=\"image.default\">\n\t\t\t\t\t\t\t\t\t\t\t\t\t\t\t<img decoding=\"async\" src=\"https:\/\/avala-home.com\/wp-content\/uploads\/elementor\/thumbs\/zid-spoljni-rgo3qgiy14tgl48r449600uldin1qh6sldvlzyvimo.jpg\" title=\"\" alt=\"\" loading=\"lazy\" \/>\t\t\t\t\t\t\t\t\t\t\t\t\t\t\t<\/div>\n\t\t\t\t<\/div>\n\t\t\t\t<\/div>\n\t\t\t\t<\/div>\n\t\t\t\t\t<\/div>\n\t\t\t\t<\/div>\n\t\t<div class=\"elementor-element elementor-element-687b1a8 e-flex e-con-boxed e-con e-parent\" data-id=\"687b1a8\" data-element_type=\"container\" data-settings=\"{&quot;background_background&quot;:&quot;classic&quot;}\">\n\t\t\t\t\t<div class=\"e-con-inner\">\n\t\t<div class=\"elementor-element elementor-element-8f987ba e-con-full e-flex e-con e-child\" data-id=\"8f987ba\" data-element_type=\"container\">\n\t\t<div class=\"elementor-element elementor-element-9f1124f e-grid e-con-full e-con e-child\" data-id=\"9f1124f\" data-element_type=\"container\">\n\t\t<div class=\"elementor-element elementor-element-d494ff8 e-con-full e-flex e-con e-child\" data-id=\"d494ff8\" data-element_type=\"container\">\n\t\t\t\t<div class=\"elementor-element elementor-element-6f921c4 animated-fast elementor-invisible elementor-widget elementor-widget-heading\" data-id=\"6f921c4\" data-element_type=\"widget\" data-settings=\"{&quot;_animation&quot;:&quot;fadeInUp&quot;,&quot;_animation_delay&quot;:200}\" data-widget_type=\"heading.default\">\n\t\t\t\t\t<h2 class=\"elementor-heading-title elementor-size-default\">Pregradni zid <\/h2>\t\t\t\t<\/div>\n\t\t\t\t<div class=\"elementor-element elementor-element-7c4ea18 animated-fast elementor-invisible elementor-widget elementor-widget-text-editor\" data-id=\"7c4ea18\" data-element_type=\"widget\" data-settings=\"{&quot;_animation&quot;:&quot;fadeInUp&quot;,&quot;_animation_delay&quot;:200}\" data-widget_type=\"text-editor.default\">\n\t\t\t\t\t\t\t\t\t<p>Unutra\u0161nji zid je izveden od dvostrukih gips-kartonskih plo\u010da montiranih na pocinkovanim \u010deli\u010dnim profilima \u0161irine 100 mm. Prostor izme\u0111u ispunjen je akusti\u010dnom mineralnom vunom, a dodatno je ugra\u0111en i specijalni sloj Azmafona radi unapre\u0111ene zvu\u010dne izolacije.<\/p>\t\t\t\t\t\t\t\t<\/div>\n\t\t\t\t<div class=\"elementor-element elementor-element-660d50e animated-fast avala-list elementor-invisible elementor-widget elementor-widget-text-editor\" data-id=\"660d50e\" data-element_type=\"widget\" data-settings=\"{&quot;_animation&quot;:&quot;fadeInUp&quot;,&quot;_animation_delay&quot;:200}\" data-widget_type=\"text-editor.default\">\n\t\t\t\t\t\t\t\t\t<div class=\"list-item\"><div><div class=\"title\"><strong>Ukupna debljina zida<\/strong><\/div><div class=\"value\"><strong>120m<\/strong><\/div><\/div><div class=\"title\">Dvostruka gips-kartonska obloga<\/div><div class=\"value\">24mm<\/div><\/div><div class=\"list-item\"><div class=\"title\">Azmafon Azmafon zvu\u010dna izolacija\u00a0<\/div><div class=\"value\">20mm<\/div><\/div><div class=\"list-item\"><div class=\"title\">Aqusto mineralna vuna<\/div><div class=\"value\">50mm<\/div><\/div><div class=\"list-item\"><div class=\"title\">Dvostruka gips-kartonska obloga<\/div><div class=\"value\">24mm<\/div><\/div><div class=\"list-item\"><div class=\"title\">Dvoslojna obrada spojeva<\/div><div class=\"value\">2mm<\/div><\/div><div class=\"list-item\"><div class=\"title\">Akrilna boja, ekolo\u0161ki prihvatljiva<\/div><div class=\"value\">\u00a0<\/div><\/div>\t\t\t\t\t\t\t\t<\/div>\n\t\t\t\t<\/div>\n\t\t<div class=\"elementor-element elementor-element-16ba7a1 e-con-full e-flex e-con e-child\" data-id=\"16ba7a1\" data-element_type=\"container\">\n\t\t\t\t<div class=\"elementor-element elementor-element-4586146 elementor-widget elementor-widget-image\" data-id=\"4586146\" data-element_type=\"widget\" data-widget_type=\"image.default\">\n\t\t\t\t\t\t\t\t\t\t\t\t\t\t\t<img decoding=\"async\" src=\"https:\/\/avala-home.com\/wp-content\/uploads\/elementor\/thumbs\/zid-pregradni-2-rgo3qjcglmxbjy4nnnh1pi4z5o95dkhzlru2fsrc40.jpg\" title=\"\" alt=\"\" loading=\"lazy\" \/>\t\t\t\t\t\t\t\t\t\t\t\t\t\t\t<\/div>\n\t\t\t\t<\/div>\n\t\t\t\t<\/div>\n\t\t\t\t<\/div>\n\t\t\t\t\t<\/div>\n\t\t\t\t<\/div>\n\t\t<div class=\"elementor-element elementor-element-84ae40f e-flex e-con-boxed e-con e-parent\" data-id=\"84ae40f\" data-element_type=\"container\" data-settings=\"{&quot;background_background&quot;:&quot;classic&quot;}\">\n\t\t\t\t\t<div class=\"e-con-inner\">\n\t\t<div class=\"elementor-element elementor-element-5494e2a e-con-full e-flex e-con e-child\" data-id=\"5494e2a\" data-element_type=\"container\">\n\t\t<div class=\"elementor-element elementor-element-f579a46 e-grid e-con-full e-con e-child\" data-id=\"f579a46\" data-element_type=\"container\">\n\t\t<div class=\"elementor-element elementor-element-eee0b20 e-con-full e-flex e-con e-child\" data-id=\"eee0b20\" data-element_type=\"container\">\n\t\t\t\t<div class=\"elementor-element elementor-element-069d343 animated-fast elementor-invisible elementor-widget elementor-widget-heading\" data-id=\"069d343\" data-element_type=\"widget\" data-settings=\"{&quot;_animation&quot;:&quot;fadeInUp&quot;,&quot;_animation_delay&quot;:200}\" data-widget_type=\"heading.default\">\n\t\t\t\t\t<h2 class=\"elementor-heading-title elementor-size-default\">Slojevi poda<\/h2>\t\t\t\t<\/div>\n\t\t\t\t<div class=\"elementor-element elementor-element-ba570aa animated-fast elementor-invisible elementor-widget elementor-widget-text-editor\" data-id=\"ba570aa\" data-element_type=\"widget\" data-settings=\"{&quot;_animation&quot;:&quot;fadeInUp&quot;,&quot;_animation_delay&quot;:200}\" data-widget_type=\"text-editor.default\">\n\t\t\t\t\t\t\t\t\t<p>U zoni donjeg poda, izolacija se postavlja sa spolja\u0161nje strane. Na taj na\u010din se posti\u017ee maksimalna debljina izolacije bez ugro\u017eavanja unutra\u0161nje visine kontejnera.<\/p>\t\t\t\t\t\t\t\t<\/div>\n\t\t\t\t<div class=\"elementor-element elementor-element-44a2e3f animated-fast avala-list elementor-invisible elementor-widget elementor-widget-text-editor\" data-id=\"44a2e3f\" data-element_type=\"widget\" data-settings=\"{&quot;_animation&quot;:&quot;fadeInUp&quot;,&quot;_animation_delay&quot;:200}\" data-widget_type=\"text-editor.default\">\n\t\t\t\t\t\t\t\t\t<div class=\"list-item\"><div class=\"title\"><strong>Ukupna debljina poda<\/strong><\/div><div class=\"value\"><strong>165mm<\/strong><\/div><\/div><div class=\"list-item\"><div class=\"title\">Poliuretanska izolacija <br \/><span class=\"mwe-math-element mwe-math-element-inline\"><img decoding=\"async\" class=\"mwe-math-fallback-image-inline mw-invert skin-invert\" src=\"https:\/\/wikimedia.org\/api\/rest_v1\/media\/math\/render\/svg\/b43d0ea3c9c025af1be9128e62a18fa74bedda2a\" alt=\"{\\displaystyle \\lambda }\" aria-hidden=\"true\" \/><\/span>(W\/(m\u22c5K))= 0,028 \u00a0 \u00a0 R(m<sup>2<\/sup>\u22c5K\/W )=2,86<\/div><div class=\"value\">80mm<\/div><\/div><div class=\"list-item\"><div class=\"title\">Bla\u017eujka od bambusa<\/div><div class=\"value\">40mm<\/div><\/div><div class=\"list-item\"><div class=\"title\">\u010celi\u010dni U profil<\/div><div class=\"value\">3mm<\/div><\/div><div class=\"list-item\"><div class=\"title\">Cementna podna tabla<\/div><div class=\"value\">15mm<\/div><\/div><div class=\"list-item\"><div class=\"title\">Podno grejanje (optional)<\/div><div class=\"value\">8mm<\/div><\/div><div class=\"list-item\"><div class=\"title\">Fleksibilni lepak<\/div><div class=\"value\">5mm<\/div><\/div><div class=\"list-item\"><div class=\"title\">Kerami\u010dke plo\u010dice<\/div><div class=\"value\">10mm<\/div><\/div>\t\t\t\t\t\t\t\t<\/div>\n\t\t\t\t<\/div>\n\t\t<div class=\"elementor-element elementor-element-f2973e1 e-con-full e-flex e-con e-child\" data-id=\"f2973e1\" data-element_type=\"container\">\n\t\t\t\t<div class=\"elementor-element elementor-element-7f9af99 elementor-widget elementor-widget-image\" data-id=\"7f9af99\" data-element_type=\"widget\" data-widget_type=\"image.default\">\n\t\t\t\t\t\t\t\t\t\t\t\t\t\t\t<img decoding=\"async\" src=\"https:\/\/avala-home.com\/wp-content\/uploads\/elementor\/thumbs\/floor-cut-1-rguekg8pt5g1xgomgevi7v3o2ni5vkm0bakrsh2sk0.jpg\" title=\"floor-cut\" alt=\"floor-cut\" loading=\"lazy\" \/>\t\t\t\t\t\t\t\t\t\t\t\t\t\t\t<\/div>\n\t\t\t\t<\/div>\n\t\t\t\t<\/div>\n\t\t\t\t<\/div>\n\t\t\t\t\t<\/div>\n\t\t\t\t<\/div>\n\t\t\t\t<\/div>\n\t\t","protected":false},"excerpt":{"rendered":"<p>Su\u0161tina na\u0161eg komfora je visokoperformansni zidni sistem. On objedinjuje konstrukcionu \u010dvrsto\u0107u, vrhunsku toplotnu i zvu\u010dnu izolaciju, kao i kvalitetne zavr\u0161ne obrade, stvaraju\u0107i izuzetno prijatan ambijent sa idealnom temperaturom i akustikom. Spoljni ProWall sistem Projektovan za vrhunske performanse, Avala spoljni zidni sistem obezbe\u0111uje maksimalnu toplotnu izolaciju u skladu sa standardima niskoenergetske gradnje, dodatno unapre\u0111enu prakti\u010dnim, integrisanim [&hellip;]<\/p>\n","protected":false},"author":1,"featured_media":0,"parent":0,"menu_order":0,"comment_status":"closed","ping_status":"closed","template":"template\/template-homepage.php","meta":{"footnotes":""},"class_list":["post-21960","page","type-page","status-publish","hentry"],"aioseo_notices":[],"_links":{"self":[{"href":"https:\/\/avala-home.com\/sr\/wp-json\/wp\/v2\/pages\/21960","targetHints":{"allow":["GET"]}}],"collection":[{"href":"https:\/\/avala-home.com\/sr\/wp-json\/wp\/v2\/pages"}],"about":[{"href":"https:\/\/avala-home.com\/sr\/wp-json\/wp\/v2\/types\/page"}],"author":[{"embeddable":true,"href":"https:\/\/avala-home.com\/sr\/wp-json\/wp\/v2\/users\/1"}],"replies":[{"embeddable":true,"href":"https:\/\/avala-home.com\/sr\/wp-json\/wp\/v2\/comments?post=21960"}],"version-history":[{"count":22,"href":"https:\/\/avala-home.com\/sr\/wp-json\/wp\/v2\/pages\/21960\/revisions"}],"predecessor-version":[{"id":23506,"href":"https:\/\/avala-home.com\/sr\/wp-json\/wp\/v2\/pages\/21960\/revisions\/23506"}],"wp:attachment":[{"href":"https:\/\/avala-home.com\/sr\/wp-json\/wp\/v2\/media?parent=21960"}],"curies":[{"name":"wp","href":"https:\/\/api.w.org\/{rel}","templated":true}]}}