{"id":21958,"date":"2025-11-24T08:44:14","date_gmt":"2025-11-24T08:44:14","guid":{"rendered":"http:\/\/avala-home.com\/safety\/"},"modified":"2026-01-13T12:27:58","modified_gmt":"2026-01-13T12:27:58","slug":"bezbednost","status":"publish","type":"page","link":"https:\/\/avala-home.com\/sr\/bezbednost\/","title":{"rendered":"Bezbednost"},"content":{"rendered":"\t\t<div data-elementor-type=\"wp-page\" data-elementor-id=\"21958\" class=\"elementor elementor-21958 elementor-19874\">\n\t\t\t\t<div class=\"elementor-element elementor-element-3905b62 e-flex e-con-boxed e-con e-parent\" data-id=\"3905b62\" data-element_type=\"container\" data-settings=\"{&quot;background_background&quot;:&quot;classic&quot;}\">\n\t\t\t\t\t<div class=\"e-con-inner\">\n\t\t<div class=\"elementor-element elementor-element-e827d10 e-con-full e-flex e-con e-child\" data-id=\"e827d10\" data-element_type=\"container\">\n\t\t<div class=\"elementor-element elementor-element-2e8f87f e-con-full e-flex e-con e-child\" data-id=\"2e8f87f\" data-element_type=\"container\">\n\t\t<div class=\"elementor-element elementor-element-ecd2805 e-con-full e-flex e-con e-child\" data-id=\"ecd2805\" data-element_type=\"container\">\n\t\t\t\t<div class=\"elementor-element elementor-element-3f2a76d elementor-widget elementor-widget-image\" data-id=\"3f2a76d\" data-element_type=\"widget\" data-widget_type=\"image.default\">\n\t\t\t\t\t\t\t\t\t\t\t\t\t\t\t<img decoding=\"async\" src=\"https:\/\/avala-home.com\/wp-content\/uploads\/elementor\/thumbs\/bezbednost-rh3ryg5865r71mb0knq91qtzz1yosn4milzrqjmyy8.jpg\" title=\"bezbednost\" alt=\"bezbednost\" loading=\"lazy\" \/>\t\t\t\t\t\t\t\t\t\t\t\t\t\t\t<\/div>\n\t\t\t\t<\/div>\n\t\t<div class=\"elementor-element elementor-element-c432ac6 e-con-full e-flex e-con e-child\" data-id=\"c432ac6\" data-element_type=\"container\">\n\t\t\t\t<div class=\"elementor-element elementor-element-a7930b8 elementor-widget-divider--view-line_icon animated-fast elementor-view-default elementor-widget-divider--element-align-center elementor-invisible elementor-widget elementor-widget-divider\" data-id=\"a7930b8\" data-element_type=\"widget\" data-settings=\"{&quot;_animation&quot;:&quot;fadeInUp&quot;}\" data-widget_type=\"divider.default\">\n\t\t\t\t\t\t\t<div class=\"elementor-divider\">\n\t\t\t<span class=\"elementor-divider-separator\">\n\t\t\t\t\t\t\t<div class=\"elementor-icon elementor-divider__element\">\n\t\t\t\t\t<svg xmlns=\"http:\/\/www.w3.org\/2000\/svg\" id=\"Layer_2\" data-name=\"Layer 2\" viewBox=\"0 0 60 40.97\"><defs><style>      .cls-1 {        fill: #d2ad43;      }    <\/style><\/defs><g id=\"Layer_1-2\" data-name=\"Layer 1\"><path class=\"cls-1\" d=\"M36.58,0V36.81h.92c.15,0,.31,.02,.46,.03,.08,0,.16,.01,.24,.02,.08,0,.17,.01,.26,.02,.09,0,.18,.01,.28,.02,.25,.02,.51,.04,.76,.06,.27,.02,.55,.05,.82,.07,.54,.04,1.07,.09,1.61,.13,.44,.04,.87,.07,1.31,.11,.06,0,.12,.01,.19,.02,.13,.01,.25,.02,.38,.03,1.18,.1,2.36,.19,3.54,.29,1.01,.08,2.03,.17,3.04,.25,1.18,.1,2.35,.19,3.53,.29,.13,.01,.25,.02,.38,.03,.06,0,.12,.01,.19,.02,.44,.04,.87,.07,1.31,.11,.53,.04,1.06,.09,1.59,.13,.27,.02,.54,.04,.81,.07,.29,.02,.58,.05,.88,.07,.09,0,.17,.01,.26,.02,.08,0,.16,.01,.24,.02,.07,0,.14,.01,.2,.02q.15,.02,.23,.1c0,.17,0,.33,0,.5,0,.1,0,.2,0,.3,0,.11,0,.21,0,.32,0,.11,0,.21,0,.32,0,.26,0,.53,0,.79-2.86-.22-5.73-.45-8.59-.69-.57-.05-1.15-.1-1.72-.14-.1,0-.19-.02-.29-.02-.39-.03-.78-.07-1.18-.1-1.1-.09-2.2-.18-3.29-.28-.89-.08-1.78-.15-2.66-.22-.46-.04-.93-.08-1.39-.12-.44-.04-.87-.07-1.31-.11-.16-.01-.31-.03-.47-.04-1.79-.16-3.56-.16-5.36-.19V1.16c.62-.28,1.23-.57,1.86-.84,.07-.03,.14-.06,.21-.09,.07-.03,.14-.06,.21-.09q.09-.04,.18-.08t.39-.06Z\"><\/path><path class=\"cls-1\" d=\"M4.77,13.48v26.11q-2.36,.04-4.77,.08V15.48c.48-.24,.96-.47,1.45-.68,.06-.03,.12-.05,.19-.08,.19-.08,.39-.16,.58-.24,.13-.05,.26-.11,.39-.16,.25-.1,.5-.21,.75-.31,.21-.09,.42-.18,.63-.27q.12-.05,.25-.11c.07-.03,.14-.06,.21-.09q.17-.06,.32-.06Z\"><\/path><path class=\"cls-1\" d=\"M13.71,9.7v29.73h-3.54V11.17c.46-.23,.92-.46,1.39-.66,.05-.02,.11-.05,.17-.07,.11-.05,.23-.1,.34-.15,.17-.07,.35-.15,.52-.22,.11-.05,.22-.09,.33-.14,.05-.02,.1-.04,.16-.07,.22-.09,.38-.15,.62-.15Z\"><\/path><path class=\"cls-1\" d=\"M9.01,11.71v27.8h-3.47V13.09q3.2-1.39,3.47-1.39Z\"><\/path><path class=\"cls-1\" d=\"M18.25,7.78v31.57h-3V9.01c.6-.3,1.19-.57,1.8-.83q.14-.06,.27-.12c.09-.04,.17-.07,.26-.11,.08-.03,.16-.07,.24-.1q.2-.07,.43-.07Z\"><\/path><path class=\"cls-1\" d=\"M31.73,2.08V39.12h-2.54V3.08q2.25-1,2.54-1Z\"><\/path><path class=\"cls-1\" d=\"M39.12,2.93c.43,.05,.81,.12,1.22,.24,.06,.02,.12,.03,.18,.05,.19,.05,.38,.11,.58,.16,.14,.04,.28,.08,.42,.12,.3,.08,.6,.17,.89,.25,.47,.14,.95,.27,1.42,.4,.58,.16,1.16,.33,1.74,.49,1.45,.41,2.91,.82,4.36,1.23,.44,.12,.88,.25,1.32,.37,.35,.1,.69,.2,1.04,.29q.1,.03,.2,.06c.79,.22,1.57,.44,2.36,.66,.08,.02,.15,.04,.23,.06,.37,.1,.75,.21,1.12,.31,.13,.04,.27,.07,.4,.11,.06,.02,.12,.03,.19,.05q.42,.12,.59,.2v27.57c-.66-.05-1.32-.1-2-.15V9.55c-.25-.05-.51-.1-.77-.15-.19-.05-.38-.1-.58-.16-.05-.01-.11-.03-.16-.05-.17-.05-.35-.1-.52-.15-.13-.04-.25-.07-.38-.11-.34-.1-.68-.19-1.03-.29-.36-.1-.72-.21-1.08-.31-.46-.13-.91-.26-1.37-.39-1.12-.32-2.25-.64-3.37-.95-.16-.05-.32-.09-.48-.14q-.93-.26-1.87-.53c-1.55-.44-3.1-.88-4.64-1.33V2.93Z\"><\/path><path class=\"cls-1\" d=\"M27.11,4V39.2h-2.54V5.01q2.39-1,2.54-1Z\"><\/path><path class=\"cls-1\" d=\"M22.49,5.93V39.28h-2.54V7.01q1.34-.62,1.88-.84c.06-.02,.11-.05,.17-.07q.4-.17,.49-.17Z\"><\/path><\/g><\/svg><\/div>\n\t\t\t\t\t\t<\/span>\n\t\t<\/div>\n\t\t\t\t\t\t<\/div>\n\t\t\t\t<\/div>\n\t\t\t\t<\/div>\n\t\t\t\t<\/div>\n\t\t\t\t\t<\/div>\n\t\t\t\t<\/div>\n\t\t<div class=\"elementor-element elementor-element-773bc0b e-flex e-con-boxed e-con e-parent\" data-id=\"773bc0b\" data-element_type=\"container\" data-settings=\"{&quot;background_background&quot;:&quot;classic&quot;}\">\n\t\t\t\t\t<div class=\"e-con-inner\">\n\t\t<div class=\"elementor-element elementor-element-ea0f115 e-con-full e-flex e-con e-child\" data-id=\"ea0f115\" data-element_type=\"container\">\n\t\t<div class=\"elementor-element elementor-element-5e026d8 e-grid e-con-full e-con e-child\" data-id=\"5e026d8\" data-element_type=\"container\">\n\t\t<div class=\"elementor-element elementor-element-f420568 e-con-full e-flex e-con e-child\" data-id=\"f420568\" data-element_type=\"container\">\n\t\t\t\t<div class=\"elementor-element elementor-element-1581ee6 animated-fast elementor-invisible elementor-widget elementor-widget-heading\" data-id=\"1581ee6\" data-element_type=\"widget\" data-settings=\"{&quot;_animation&quot;:&quot;fadeInUp&quot;,&quot;_animation_delay&quot;:200}\" data-widget_type=\"heading.default\">\n\t\t\t\t\t<h2 class=\"elementor-heading-title elementor-size-default\">Bezbednost od po\u017eara: Negorivi \u010delik sa naprednom izolacijom<\/h2>\t\t\t\t<\/div>\n\t\t\t\t<div class=\"elementor-element elementor-element-aa9ee8d animated-fast elementor-invisible elementor-widget elementor-widget-text-editor\" data-id=\"aa9ee8d\" data-element_type=\"widget\" data-settings=\"{&quot;_animation&quot;:&quot;fadeInUp&quot;,&quot;_animation_delay&quot;:200}\" data-widget_type=\"text-editor.default\">\n\t\t\t\t\t\t\t\t\t<p>Na\u0161i objekti od brodskih kontejnera izra\u0111eni su od Corten \u010delika, koji je klasifikovan kao negorivi materijal (klasa A1) prema standardima kao \u0161to je EN 13501-2, \u0161to spre\u010dava njegovo sagorevanje ili \u0161irenje po\u017eara. Ovaj materijal mo\u017ee da izdr\u017ei ekstremne temperature i ispunjava zahteve standarda ISO 1496 za najmanje 10 minuta izlaganja otvorenom plamenu pre deformacije. Za unutra\u0161nju izolaciju koristimo samogasivi poliuretanski materijal u skladu sa standardima ASTM E84 ili UL 94 za ograni\u010deno \u0161irenje plamena i malo dima, koji spre\u010dava paljenje i \u0161\u00edrenje vatre. Da bismo pove\u0107ali otpornost na po\u017ear, opciono ugradujemo gipsane plo\u010de sa odre\u0111enim vremenom otpornosti na po\u017ear i integri\u0161emo sisteme za detekciju dima i protivpo\u017earne sprej-sisteme u skladu sa NFPA 101 standardima.<\/p>\t\t\t\t\t\t\t\t<\/div>\n\t\t\t\t<\/div>\n\t\t<div class=\"elementor-element elementor-element-ecca8ca e-con-full e-flex e-con e-child\" data-id=\"ecca8ca\" data-element_type=\"container\">\n\t\t\t\t<div class=\"elementor-element elementor-element-b14311e elementor-widget elementor-widget-image\" data-id=\"b14311e\" data-element_type=\"widget\" data-widget_type=\"image.default\">\n\t\t\t\t\t\t\t\t\t\t\t\t\t\t\t<img decoding=\"async\" src=\"https:\/\/avala-home.com\/wp-content\/uploads\/elementor\/thumbs\/fire-copy-1-rgvid9k3lmuzizfvtr6l0aqif5cf5ws9b2dz8smntc.webp\" title=\"fire copy\" alt=\"fire copy\" loading=\"lazy\" \/>\t\t\t\t\t\t\t\t\t\t\t\t\t\t\t<\/div>\n\t\t\t\t<\/div>\n\t\t\t\t<\/div>\n\t\t\t\t<\/div>\n\t\t\t\t\t<\/div>\n\t\t\t\t<\/div>\n\t\t<div class=\"elementor-element elementor-element-2fe6c90 e-flex e-con-boxed e-con e-parent\" data-id=\"2fe6c90\" data-element_type=\"container\" data-settings=\"{&quot;background_background&quot;:&quot;classic&quot;}\">\n\t\t\t\t\t<div class=\"e-con-inner\">\n\t\t<div class=\"elementor-element elementor-element-f8f37e6 e-con-full e-flex e-con e-child\" data-id=\"f8f37e6\" data-element_type=\"container\">\n\t\t<div class=\"elementor-element elementor-element-7c78b15 e-grid e-con-full e-con e-child\" data-id=\"7c78b15\" data-element_type=\"container\">\n\t\t<div class=\"elementor-element elementor-element-5f524bb e-con-full e-flex e-con e-child\" data-id=\"5f524bb\" data-element_type=\"container\">\n\t\t\t\t<div class=\"elementor-element elementor-element-33004d2 animated-fast elementor-invisible elementor-widget elementor-widget-heading\" data-id=\"33004d2\" data-element_type=\"widget\" data-settings=\"{&quot;_animation&quot;:&quot;fadeInUp&quot;,&quot;_animation_delay&quot;:200}\" data-widget_type=\"heading.default\">\n\t\t\t\t\t<h2 class=\"elementor-heading-title elementor-size-default\">Otpornost na zemljotres: Snaga jedinstvene strukture<\/h2>\t\t\t\t<\/div>\n\t\t\t\t<div class=\"elementor-element elementor-element-48fe850 animated-fast elementor-invisible elementor-widget elementor-widget-text-editor\" data-id=\"48fe850\" data-element_type=\"widget\" data-settings=\"{&quot;_animation&quot;:&quot;fadeInUp&quot;,&quot;_animation_delay&quot;:200}\" data-widget_type=\"text-editor.default\">\n\t\t\t\t\t\t\t\t\t<p>Na\u0161 metod gradnje podrazumeva zavarivanje modula kontejnera u jedinstvenu, celovitu strukturu. Za razliku od zgrada sastavljenih od mnogih razli\u010ditih delova, ovaj &#8220;monolitni&#8221; dizajn je klju\u010dan za seizmi\u010dku otpornost. Tokom zemljotresa, ovaj jedinstveni okvir je projektovan da se elasti\u010dnopomera kao celina, efikasnije raspore\u0111uju\u0107i naprezanja, omogu\u0107avaju\u0107i otpornost na bo\u010dne sile smicanja u skladu sa Me\u0111unarodnim gra\u0111evinskim kodeksom (IBC) i Jedinstvenim gra\u0111evinskim kodeksom (UBC).<\/p><p>Ovakav pristup poma\u017ee u o\u010duvanju strukturalnog integriteta va\u0161eg doma, pru\u017eaju\u0107i robusno i sigurno okru\u017eenje kada je to najpotrebnije. Svaka struktura je sidrena za armiranu osnovu pomo\u0107u vijaka ili varenjemvisoke \u010dvrsto\u0107e, \u0161to spre\u010dava prevrtanje ili klizanje. Dizajnirani za podru\u010dja sa visokom seizmi\u010dkom aktivno\u0161\u0107u, na\u0161i domovi supokazali trajnost u stvarnim uslovima.<\/p>\t\t\t\t\t\t\t\t<\/div>\n\t\t\t\t<\/div>\n\t\t<div class=\"elementor-element elementor-element-daa8ad4 e-con-full e-flex e-con e-child\" data-id=\"daa8ad4\" data-element_type=\"container\">\n\t\t\t\t<div class=\"elementor-element elementor-element-b9c0465 elementor-widget elementor-widget-image\" data-id=\"b9c0465\" data-element_type=\"widget\" data-widget_type=\"image.default\">\n\t\t\t\t\t\t\t\t\t\t\t\t\t\t\t<img decoding=\"async\" src=\"https:\/\/avala-home.com\/wp-content\/uploads\/elementor\/thumbs\/earth-copy-1-rgvidqh70ni5byrb2yhv96gt43110gnfde4pvrxkpc.webp\" title=\"earth copy\" alt=\"earth copy\" loading=\"lazy\" \/>\t\t\t\t\t\t\t\t\t\t\t\t\t\t\t<\/div>\n\t\t\t\t<\/div>\n\t\t\t\t<\/div>\n\t\t\t\t<\/div>\n\t\t\t\t\t<\/div>\n\t\t\t\t<\/div>\n\t\t<div class=\"elementor-element elementor-element-17b6172 e-flex e-con-boxed e-con e-parent\" data-id=\"17b6172\" data-element_type=\"container\" data-settings=\"{&quot;background_background&quot;:&quot;classic&quot;}\">\n\t\t\t\t\t<div class=\"e-con-inner\">\n\t\t<div class=\"elementor-element elementor-element-9e3a39c e-con-full e-flex e-con e-child\" data-id=\"9e3a39c\" data-element_type=\"container\">\n\t\t<div class=\"elementor-element elementor-element-597ecba e-grid e-con-full e-con e-child\" data-id=\"597ecba\" data-element_type=\"container\">\n\t\t<div class=\"elementor-element elementor-element-1c27e9b e-con-full e-flex e-con e-child\" data-id=\"1c27e9b\" data-element_type=\"container\">\n\t\t\t\t<div class=\"elementor-element elementor-element-f2a74b6 elementor-widget elementor-widget-image\" data-id=\"f2a74b6\" data-element_type=\"widget\" data-widget_type=\"image.default\">\n\t\t\t\t\t\t\t\t\t\t\t\t\t\t\t<img decoding=\"async\" src=\"https:\/\/avala-home.com\/wp-content\/uploads\/elementor\/thumbs\/water-copy-1-rgvie3mxoc05ui86y46n8359fh86083o379ilne2a8.webp\" title=\"water copy\" alt=\"water copy\" loading=\"lazy\" \/>\t\t\t\t\t\t\t\t\t\t\t\t\t\t\t<\/div>\n\t\t\t\t<\/div>\n\t\t<div class=\"elementor-element elementor-element-ec4c260 e-con-full e-flex e-con e-child\" data-id=\"ec4c260\" data-element_type=\"container\">\n\t\t\t\t<div class=\"elementor-element elementor-element-476e5cc animated-fast elementor-invisible elementor-widget elementor-widget-heading\" data-id=\"476e5cc\" data-element_type=\"widget\" data-settings=\"{&quot;_animation&quot;:&quot;fadeInUp&quot;,&quot;_animation_delay&quot;:200}\" data-widget_type=\"heading.default\">\n\t\t\t\t\t<h2 class=\"elementor-heading-title elementor-size-default\">Za\u0161tita od poplava: Hidroizolacioni premazi i podignuti temelji<\/h2>\t\t\t\t<\/div>\n\t\t\t\t<div class=\"elementor-element elementor-element-85f94a1 animated-fast elementor-invisible elementor-widget elementor-widget-text-editor\" data-id=\"85f94a1\" data-element_type=\"widget\" data-settings=\"{&quot;_animation&quot;:&quot;fadeInUp&quot;,&quot;_animation_delay&quot;:200}\" data-widget_type=\"text-editor.default\">\n\t\t\t\t\t\t\t\t\t<p>\u010citava podloga svakog kontejnera zaptivljena je profesionalnim, vodootpornim premazom. Ovo stvara neprekidnu, neprobojnu barijeru koja \u0161titi unutra\u0161njost od uzlazne vlage i potencijalne poplavne vode, \u010duvaju\u0107i integritet va\u0161eg doma i obezbe\u0111uju\u0107i zdraviju \u017eivotnu sredinu.<\/p><p>Otvori za vrata, prozore i instalacije hermeti\u010dki su zatvoreni vodonepropusnim materijalima, a integrisani drena\u017eni sistemi efikasno odvode vodu, u skladu sa odredbama protiv poplava. Ovakav dizajn smanjuje \u0161tetu od poplava, pri \u010demu \u010deli\u010dna konstrukcija pokazuje ve\u0107u otpornost na truljenje i deformacije u odnosu na tradicionalne materijale.<\/p><p>Takodje preventivno postavljanje same ku\u0107ice na podignutim temeljima, stubovima ili betonskim plo\u010dama, dodatno spre\u010dava rizik od prodiranja vode usled ve\u0107ih vodenih nanosa. Redovno odr\u017eavanje zaptivki i premaza obezbe\u0111uje trajne performanse, \u010dine\u0107i na\u0161e strukture idealnim za podru\u010dja podlo\u017ena poplavama.<\/p>\t\t\t\t\t\t\t\t<\/div>\n\t\t\t\t<\/div>\n\t\t\t\t<\/div>\n\t\t\t\t<\/div>\n\t\t\t\t\t<\/div>\n\t\t\t\t<\/div>\n\t\t<div class=\"elementor-element elementor-element-4bd40ae e-flex e-con-boxed e-con e-parent\" data-id=\"4bd40ae\" data-element_type=\"container\" data-settings=\"{&quot;background_background&quot;:&quot;classic&quot;}\">\n\t\t\t\t\t<div class=\"e-con-inner\">\n\t\t<div class=\"elementor-element elementor-element-95aee8b e-con-full e-flex e-con e-child\" data-id=\"95aee8b\" data-element_type=\"container\">\n\t\t<div class=\"elementor-element elementor-element-a5c4bcf e-grid e-con-full e-con e-child\" data-id=\"a5c4bcf\" data-element_type=\"container\">\n\t\t<div class=\"elementor-element elementor-element-875c2f6 e-con-full e-flex e-con e-child\" data-id=\"875c2f6\" data-element_type=\"container\">\n\t\t\t\t<div class=\"elementor-element elementor-element-7fe328b elementor-widget elementor-widget-image\" data-id=\"7fe328b\" data-element_type=\"widget\" data-widget_type=\"image.default\">\n\t\t\t\t\t\t\t\t\t\t\t\t\t\t\t<img decoding=\"async\" src=\"https:\/\/avala-home.com\/wp-content\/uploads\/elementor\/thumbs\/wind-copy-1-rgvies2qm0xm8d8ozeqy0wz8vhvpkcsouk852udtsg.webp\" title=\"wind copy\" alt=\"wind copy\" loading=\"lazy\" \/>\t\t\t\t\t\t\t\t\t\t\t\t\t\t\t<\/div>\n\t\t\t\t<\/div>\n\t\t<div class=\"elementor-element elementor-element-9ac7f2c e-con-full e-flex e-con e-child\" data-id=\"9ac7f2c\" data-element_type=\"container\">\n\t\t\t\t<div class=\"elementor-element elementor-element-3addfbb animated-fast elementor-invisible elementor-widget elementor-widget-heading\" data-id=\"3addfbb\" data-element_type=\"widget\" data-settings=\"{&quot;_animation&quot;:&quot;fadeInUp&quot;,&quot;_animation_delay&quot;:200}\" data-widget_type=\"heading.default\">\n\t\t\t\t\t<h2 class=\"elementor-heading-title elementor-size-default\">Otpornost na vetar: Aerodinami\u010dko sidrenje za za\u0161titu od velikih vetrova<\/h2>\t\t\t\t<\/div>\n\t\t\t\t<div class=\"elementor-element elementor-element-c181610 animated-fast elementor-invisible elementor-widget elementor-widget-text-editor\" data-id=\"c181610\" data-element_type=\"widget\" data-settings=\"{&quot;_animation&quot;:&quot;fadeInUp&quot;,&quot;_animation_delay&quot;:200}\" data-widget_type=\"text-editor.default\">\n\t\t\t\t\t\t\t\t\t<p>Na\u0161i kontejneri imaju prepoznatljiv talasasti \u010deli\u010dni profil koji je aerodinami\u010dki dizajniran da odbija optere\u0107enje vetra. Svaka jedinica je pojedina\u010dno sidrena za \u010dvrst temelj varenjem ili vijcima, kako bi izdr\u017eala brzine vetra do 290 km\/h u skladu sa ASCE 7 standardima. Ova sigurna veza je klju\u010dna, jer spre\u010dava podizanje i pomeranje, obezbe\u0111uju\u0107i da va\u0161 dom ostane \u010dvrsto na svom mestu i siguran, \u010dak i tokom jakih oluja.<\/p>\t\t\t\t\t\t\t\t<\/div>\n\t\t\t\t<\/div>\n\t\t\t\t<\/div>\n\t\t\t\t<\/div>\n\t\t\t\t\t<\/div>\n\t\t\t\t<\/div>\n\t\t\t\t<\/div>\n\t\t","protected":false},"excerpt":{"rendered":"<p>Bezbednost od po\u017eara: Negorivi \u010delik sa naprednom izolacijom Na\u0161i objekti od brodskih kontejnera izra\u0111eni su od Corten \u010delika, koji je klasifikovan kao negorivi materijal (klasa A1) prema standardima kao \u0161to je EN 13501-2, \u0161to spre\u010dava njegovo sagorevanje ili \u0161irenje po\u017eara. Ovaj materijal mo\u017ee da izdr\u017ei ekstremne temperature i ispunjava zahteve standarda ISO 1496 za najmanje [&hellip;]<\/p>\n","protected":false},"author":1,"featured_media":0,"parent":0,"menu_order":0,"comment_status":"closed","ping_status":"closed","template":"template\/template-homepage.php","meta":{"footnotes":""},"class_list":["post-21958","page","type-page","status-publish","hentry"],"aioseo_notices":[],"_links":{"self":[{"href":"https:\/\/avala-home.com\/sr\/wp-json\/wp\/v2\/pages\/21958","targetHints":{"allow":["GET"]}}],"collection":[{"href":"https:\/\/avala-home.com\/sr\/wp-json\/wp\/v2\/pages"}],"about":[{"href":"https:\/\/avala-home.com\/sr\/wp-json\/wp\/v2\/types\/page"}],"author":[{"embeddable":true,"href":"https:\/\/avala-home.com\/sr\/wp-json\/wp\/v2\/users\/1"}],"replies":[{"embeddable":true,"href":"https:\/\/avala-home.com\/sr\/wp-json\/wp\/v2\/comments?post=21958"}],"version-history":[{"count":32,"href":"https:\/\/avala-home.com\/sr\/wp-json\/wp\/v2\/pages\/21958\/revisions"}],"predecessor-version":[{"id":23353,"href":"https:\/\/avala-home.com\/sr\/wp-json\/wp\/v2\/pages\/21958\/revisions\/23353"}],"wp:attachment":[{"href":"https:\/\/avala-home.com\/sr\/wp-json\/wp\/v2\/media?parent=21958"}],"curies":[{"name":"wp","href":"https:\/\/api.w.org\/{rel}","templated":true}]}}