{"id":21938,"date":"2025-11-24T08:43:49","date_gmt":"2025-11-24T08:43:49","guid":{"rendered":"http:\/\/avala-home.com\/how-to-get-avala-home\/"},"modified":"2026-01-13T12:33:36","modified_gmt":"2026-01-13T12:33:36","slug":"kako-doci-do-avala-home-kuce","status":"publish","type":"page","link":"https:\/\/avala-home.com\/sr\/kako-doci-do-avala-home-kuce\/","title":{"rendered":"Kako do\u0107i do Avala home ku\u0107e?"},"content":{"rendered":"\t\t<div data-elementor-type=\"wp-page\" data-elementor-id=\"21938\" class=\"elementor elementor-21938 elementor-19870\">\n\t\t\t\t<div class=\"elementor-element elementor-element-6c20075 e-flex e-con-boxed e-con e-parent\" data-id=\"6c20075\" data-element_type=\"container\" data-settings=\"{&quot;background_background&quot;:&quot;classic&quot;}\">\n\t\t\t\t\t<div class=\"e-con-inner\">\n\t\t<div class=\"elementor-element elementor-element-36c0e73 e-con-full e-flex e-con e-child\" data-id=\"36c0e73\" data-element_type=\"container\">\n\t\t<div class=\"elementor-element elementor-element-97551f9 e-con-full e-flex e-con e-child\" data-id=\"97551f9\" data-element_type=\"container\">\n\t\t<div class=\"elementor-element elementor-element-8606104 e-con-full e-flex e-con e-child\" data-id=\"8606104\" data-element_type=\"container\">\n\t\t\t\t<div class=\"elementor-element elementor-element-6a3d6aa elementor-widget elementor-widget-image\" data-id=\"6a3d6aa\" data-element_type=\"widget\" data-widget_type=\"image.default\">\n\t\t\t\t\t\t\t\t\t\t\t\t\t\t\t<img fetchpriority=\"high\" decoding=\"async\" width=\"1400\" height=\"600\" src=\"https:\/\/avala-home.com\/wp-content\/uploads\/2026\/01\/kako-doci.jpg\" class=\"attachment-full size-full wp-image-23022\" alt=\"\" srcset=\"\" \/>\t\t\t\t\t\t\t\t\t\t\t\t\t\t\t<\/div>\n\t\t\t\t<\/div>\n\t\t<div class=\"elementor-element elementor-element-d66ab1e e-con-full e-flex e-con e-child\" data-id=\"d66ab1e\" data-element_type=\"container\">\n\t\t\t\t<div class=\"elementor-element elementor-element-8707433 animated-fast elementor-invisible elementor-widget elementor-widget-heading\" data-id=\"8707433\" data-element_type=\"widget\" data-settings=\"{&quot;_animation&quot;:&quot;fadeInUp&quot;,&quot;_animation_delay&quot;:200}\" data-widget_type=\"heading.default\">\n\t\t\t\t\t<h2 class=\"elementor-heading-title elementor-size-default\">Kompletan postupak za dobijanje va\u0161e\nmodularne Avala Home ku\u0107e\n<\/h2>\t\t\t\t<\/div>\n\t\t\t\t<div class=\"elementor-element elementor-element-449ac3f animated-fast elementor-invisible elementor-widget elementor-widget-text-editor\" data-id=\"449ac3f\" data-element_type=\"widget\" data-settings=\"{&quot;_animation&quot;:&quot;fadeInUp&quot;,&quot;_animation_delay&quot;:200}\" data-widget_type=\"text-editor.default\">\n\t\t\t\t\t\t\t\t\t<strong>U Avala Home verujemo da san o savr\u0161enom domu po\u010dinje jednim korakom. Na\u0161 proces je\ntransparentan, efikasan i prilago\u0111en va\u0161im potrebama \u2013 od prve ideje do klju\u010deva u rukama.\nEvo kako izgleda put do va\u0161e nove ku\u0107e:<\/strong>\t\t\t\t\t\t\t\t<\/div>\n\t\t\t\t<div class=\"elementor-element elementor-element-d9f7a89 elementor-widget-divider--view-line_icon animated-fast elementor-view-default elementor-widget-divider--element-align-center elementor-invisible elementor-widget elementor-widget-divider\" data-id=\"d9f7a89\" data-element_type=\"widget\" data-settings=\"{&quot;_animation&quot;:&quot;fadeInUp&quot;}\" data-widget_type=\"divider.default\">\n\t\t\t\t\t\t\t<div class=\"elementor-divider\">\n\t\t\t<span class=\"elementor-divider-separator\">\n\t\t\t\t\t\t\t<div class=\"elementor-icon elementor-divider__element\">\n\t\t\t\t\t<svg xmlns=\"http:\/\/www.w3.org\/2000\/svg\" id=\"Layer_2\" data-name=\"Layer 2\" viewBox=\"0 0 60 40.97\"><defs><style>      .cls-1 {        fill: #d2ad43;      }    <\/style><\/defs><g id=\"Layer_1-2\" data-name=\"Layer 1\"><path class=\"cls-1\" d=\"M36.58,0V36.81h.92c.15,0,.31,.02,.46,.03,.08,0,.16,.01,.24,.02,.08,0,.17,.01,.26,.02,.09,0,.18,.01,.28,.02,.25,.02,.51,.04,.76,.06,.27,.02,.55,.05,.82,.07,.54,.04,1.07,.09,1.61,.13,.44,.04,.87,.07,1.31,.11,.06,0,.12,.01,.19,.02,.13,.01,.25,.02,.38,.03,1.18,.1,2.36,.19,3.54,.29,1.01,.08,2.03,.17,3.04,.25,1.18,.1,2.35,.19,3.53,.29,.13,.01,.25,.02,.38,.03,.06,0,.12,.01,.19,.02,.44,.04,.87,.07,1.31,.11,.53,.04,1.06,.09,1.59,.13,.27,.02,.54,.04,.81,.07,.29,.02,.58,.05,.88,.07,.09,0,.17,.01,.26,.02,.08,0,.16,.01,.24,.02,.07,0,.14,.01,.2,.02q.15,.02,.23,.1c0,.17,0,.33,0,.5,0,.1,0,.2,0,.3,0,.11,0,.21,0,.32,0,.11,0,.21,0,.32,0,.26,0,.53,0,.79-2.86-.22-5.73-.45-8.59-.69-.57-.05-1.15-.1-1.72-.14-.1,0-.19-.02-.29-.02-.39-.03-.78-.07-1.18-.1-1.1-.09-2.2-.18-3.29-.28-.89-.08-1.78-.15-2.66-.22-.46-.04-.93-.08-1.39-.12-.44-.04-.87-.07-1.31-.11-.16-.01-.31-.03-.47-.04-1.79-.16-3.56-.16-5.36-.19V1.16c.62-.28,1.23-.57,1.86-.84,.07-.03,.14-.06,.21-.09,.07-.03,.14-.06,.21-.09q.09-.04,.18-.08t.39-.06Z\"><\/path><path class=\"cls-1\" d=\"M4.77,13.48v26.11q-2.36,.04-4.77,.08V15.48c.48-.24,.96-.47,1.45-.68,.06-.03,.12-.05,.19-.08,.19-.08,.39-.16,.58-.24,.13-.05,.26-.11,.39-.16,.25-.1,.5-.21,.75-.31,.21-.09,.42-.18,.63-.27q.12-.05,.25-.11c.07-.03,.14-.06,.21-.09q.17-.06,.32-.06Z\"><\/path><path class=\"cls-1\" d=\"M13.71,9.7v29.73h-3.54V11.17c.46-.23,.92-.46,1.39-.66,.05-.02,.11-.05,.17-.07,.11-.05,.23-.1,.34-.15,.17-.07,.35-.15,.52-.22,.11-.05,.22-.09,.33-.14,.05-.02,.1-.04,.16-.07,.22-.09,.38-.15,.62-.15Z\"><\/path><path class=\"cls-1\" d=\"M9.01,11.71v27.8h-3.47V13.09q3.2-1.39,3.47-1.39Z\"><\/path><path class=\"cls-1\" d=\"M18.25,7.78v31.57h-3V9.01c.6-.3,1.19-.57,1.8-.83q.14-.06,.27-.12c.09-.04,.17-.07,.26-.11,.08-.03,.16-.07,.24-.1q.2-.07,.43-.07Z\"><\/path><path class=\"cls-1\" d=\"M31.73,2.08V39.12h-2.54V3.08q2.25-1,2.54-1Z\"><\/path><path class=\"cls-1\" d=\"M39.12,2.93c.43,.05,.81,.12,1.22,.24,.06,.02,.12,.03,.18,.05,.19,.05,.38,.11,.58,.16,.14,.04,.28,.08,.42,.12,.3,.08,.6,.17,.89,.25,.47,.14,.95,.27,1.42,.4,.58,.16,1.16,.33,1.74,.49,1.45,.41,2.91,.82,4.36,1.23,.44,.12,.88,.25,1.32,.37,.35,.1,.69,.2,1.04,.29q.1,.03,.2,.06c.79,.22,1.57,.44,2.36,.66,.08,.02,.15,.04,.23,.06,.37,.1,.75,.21,1.12,.31,.13,.04,.27,.07,.4,.11,.06,.02,.12,.03,.19,.05q.42,.12,.59,.2v27.57c-.66-.05-1.32-.1-2-.15V9.55c-.25-.05-.51-.1-.77-.15-.19-.05-.38-.1-.58-.16-.05-.01-.11-.03-.16-.05-.17-.05-.35-.1-.52-.15-.13-.04-.25-.07-.38-.11-.34-.1-.68-.19-1.03-.29-.36-.1-.72-.21-1.08-.31-.46-.13-.91-.26-1.37-.39-1.12-.32-2.25-.64-3.37-.95-.16-.05-.32-.09-.48-.14q-.93-.26-1.87-.53c-1.55-.44-3.1-.88-4.64-1.33V2.93Z\"><\/path><path class=\"cls-1\" d=\"M27.11,4V39.2h-2.54V5.01q2.39-1,2.54-1Z\"><\/path><path class=\"cls-1\" d=\"M22.49,5.93V39.28h-2.54V7.01q1.34-.62,1.88-.84c.06-.02,.11-.05,.17-.07q.4-.17,.49-.17Z\"><\/path><\/g><\/svg><\/div>\n\t\t\t\t\t\t<\/span>\n\t\t<\/div>\n\t\t\t\t\t\t<\/div>\n\t\t\t\t<\/div>\n\t\t\t\t<\/div>\n\t\t\t\t<\/div>\n\t\t\t\t\t<\/div>\n\t\t\t\t<\/div>\n\t\t<div class=\"elementor-element elementor-element-f67d410 e-flex e-con-boxed e-con e-parent\" data-id=\"f67d410\" data-element_type=\"container\" data-settings=\"{&quot;background_background&quot;:&quot;classic&quot;}\">\n\t\t\t\t\t<div class=\"e-con-inner\">\n\t\t\t\t<div class=\"elementor-element elementor-element-6eb6550 animated-fast elementor-invisible elementor-widget elementor-widget-heading\" data-id=\"6eb6550\" data-element_type=\"widget\" data-settings=\"{&quot;_animation&quot;:&quot;fadeInUp&quot;,&quot;_animation_delay&quot;:200}\" data-widget_type=\"heading.default\">\n\t\t\t\t\t<h2 class=\"elementor-heading-title elementor-size-default\">1. Ideja<\/h2>\t\t\t\t<\/div>\n\t\t\t\t<div class=\"elementor-element elementor-element-f73a87f animated-fast elementor-invisible elementor-widget elementor-widget-text-editor\" data-id=\"f73a87f\" data-element_type=\"widget\" data-settings=\"{&quot;_animation&quot;:&quot;fadeInUp&quot;,&quot;_animation_delay&quot;:200}\" data-widget_type=\"text-editor.default\">\n\t\t\t\t\t\t\t\t\t<p>Sve po\u010dinje va\u0161om vizijom! Kontaktirajte nas sa osnovnom idejom \u2013 da li \u017eelite kompaktnu<br \/>jedinicu za vikendicu, porodi\u010dni dom ili poslovni prostor? Na\u0161i stru\u010dnjaci \u0107e vas odmah<br \/>uputiti u svet modularnih kontejnerskih ku\u0107a i pokazati vam \u0161irok spektar mogu\u0107nosti koje<br \/>nudimo.<\/p>\t\t\t\t\t\t\t\t<\/div>\n\t\t\t\t\t<\/div>\n\t\t\t\t<\/div>\n\t\t<div class=\"elementor-element elementor-element-eecdb05 e-flex e-con-boxed e-con e-parent\" data-id=\"eecdb05\" data-element_type=\"container\" data-settings=\"{&quot;background_background&quot;:&quot;classic&quot;}\">\n\t\t\t\t\t<div class=\"e-con-inner\">\n\t\t\t\t<div class=\"elementor-element elementor-element-8c07132 animated-fast elementor-invisible elementor-widget elementor-widget-heading\" data-id=\"8c07132\" data-element_type=\"widget\" data-settings=\"{&quot;_animation&quot;:&quot;fadeInUp&quot;,&quot;_animation_delay&quot;:200}\" data-widget_type=\"heading.default\">\n\t\t\t\t\t<h2 class=\"elementor-heading-title elementor-size-default\">2. Planiranje<\/h2>\t\t\t\t<\/div>\n\t\t\t\t<div class=\"elementor-element elementor-element-b2bd71a animated-fast elementor-invisible elementor-widget elementor-widget-text-editor\" data-id=\"b2bd71a\" data-element_type=\"widget\" data-settings=\"{&quot;_animation&quot;:&quot;fadeInUp&quot;,&quot;_animation_delay&quot;:200}\" data-widget_type=\"text-editor.default\">\n\t\t\t\t\t\t\t\t\t<p>U bliskoj kooperaciji sa vama, na\u0161i arhitekti razra\u0111uju najbolju soluciju za va\u0161 dom. Mo\u017eete<br \/>li\u010dno odabrati materijale, boje, unutra\u0161nje aran\u017emane i sve detalje va\u0161e jedinice. Na kraju<br \/>ovog koraka dobijate kompletnu, detaljnu ponudu za izradu \u2013 bez skrivenih tro\u0161kova i sa<br \/>jasnim rokovima.<\/p>\t\t\t\t\t\t\t\t<\/div>\n\t\t\t\t\t<\/div>\n\t\t\t\t<\/div>\n\t\t<div class=\"elementor-element elementor-element-a40bb47 e-flex e-con-boxed e-con e-parent\" data-id=\"a40bb47\" data-element_type=\"container\" data-settings=\"{&quot;background_background&quot;:&quot;classic&quot;}\">\n\t\t\t\t\t<div class=\"e-con-inner\">\n\t\t\t\t<div class=\"elementor-element elementor-element-aa09a14 animated-fast elementor-invisible elementor-widget elementor-widget-heading\" data-id=\"aa09a14\" data-element_type=\"widget\" data-settings=\"{&quot;_animation&quot;:&quot;fadeInUp&quot;,&quot;_animation_delay&quot;:200}\" data-widget_type=\"heading.default\">\n\t\t\t\t\t<h2 class=\"elementor-heading-title elementor-size-default\">3. Potpisivanje ugovora<\/h2>\t\t\t\t<\/div>\n\t\t\t\t<div class=\"elementor-element elementor-element-b4f5c17 animated-fast elementor-invisible elementor-widget elementor-widget-text-editor\" data-id=\"b4f5c17\" data-element_type=\"widget\" data-settings=\"{&quot;_animation&quot;:&quot;fadeInUp&quot;,&quot;_animation_delay&quot;:200}\" data-widget_type=\"text-editor.default\">\n\t\t\t\t\t\t\t\t\t<p>Kada ste zadovoljni ponudom, potpisujemo ugovor koji \u0161titi va\u0161e interese. Zajedno<br \/>finaliziramo sve preostale detalje: od specifi\u010dnih opcija do ta\u010dnog roka isporuke. Ovaj korak<br \/>je klju\u010dan za potpunu sigurnost i poverenje.<\/p>\t\t\t\t\t\t\t\t<\/div>\n\t\t\t\t\t<\/div>\n\t\t\t\t<\/div>\n\t\t<div class=\"elementor-element elementor-element-7381b82 e-flex e-con-boxed e-con e-parent\" data-id=\"7381b82\" data-element_type=\"container\" data-settings=\"{&quot;background_background&quot;:&quot;classic&quot;}\">\n\t\t\t\t\t<div class=\"e-con-inner\">\n\t\t\t\t<div class=\"elementor-element elementor-element-325db3f animated-fast elementor-invisible elementor-widget elementor-widget-heading\" data-id=\"325db3f\" data-element_type=\"widget\" data-settings=\"{&quot;_animation&quot;:&quot;fadeInUp&quot;,&quot;_animation_delay&quot;:200}\" data-widget_type=\"heading.default\">\n\t\t\t\t\t<h2 class=\"elementor-heading-title elementor-size-default\">4. Izrada va\u0161e modularne jedinice<\/h2>\t\t\t\t<\/div>\n\t\t\t\t<div class=\"elementor-element elementor-element-54e0262 animated-fast elementor-invisible elementor-widget elementor-widget-text-editor\" data-id=\"54e0262\" data-element_type=\"widget\" data-settings=\"{&quot;_animation&quot;:&quot;fadeInUp&quot;,&quot;_animation_delay&quot;:200}\" data-widget_type=\"text-editor.default\">\n\t\t\t\t\t\t\t\t\t<p>Va\u0161a ku\u0107a dobija oblik u na\u0161oj fabrici! Upotrebljeni ste o svakom koraku procesa \u2013 od<br \/>prosecanja modula do izolacije, instalacija i zavr\u0161nih radova. Mo\u017eete pratiti gradnju u<br \/>realnom vremenu posetom fabrici, kako biste bili sigurni da sve ide po planu.<\/p>\t\t\t\t\t\t\t\t<\/div>\n\t\t\t\t\t<\/div>\n\t\t\t\t<\/div>\n\t\t<div class=\"elementor-element elementor-element-31fe260 e-flex e-con-boxed e-con e-parent\" data-id=\"31fe260\" data-element_type=\"container\" data-settings=\"{&quot;background_background&quot;:&quot;classic&quot;}\">\n\t\t\t\t\t<div class=\"e-con-inner\">\n\t\t\t\t<div class=\"elementor-element elementor-element-73c1d8d animated-fast elementor-invisible elementor-widget elementor-widget-heading\" data-id=\"73c1d8d\" data-element_type=\"widget\" data-settings=\"{&quot;_animation&quot;:&quot;fadeInUp&quot;,&quot;_animation_delay&quot;:200}\" data-widget_type=\"heading.default\">\n\t\t\t\t\t<h2 class=\"elementor-heading-title elementor-size-default\">5. Isporuka<\/h2>\t\t\t\t<\/div>\n\t\t\t\t<div class=\"elementor-element elementor-element-a8f8a7d animated-fast elementor-invisible elementor-widget elementor-widget-text-editor\" data-id=\"a8f8a7d\" data-element_type=\"widget\" data-settings=\"{&quot;_animation&quot;:&quot;fadeInUp&quot;,&quot;_animation_delay&quot;:200}\" data-widget_type=\"text-editor.default\">\n\t\t\t\t\t\t\t\t\t<p>Kompletno zavr\u0161ena jedinica napu\u0161ta na\u0161u fabriku spremna za monta\u017eu na licu mesta.<br \/>Isporuka traje samo jedan ili dva dana, zavisno od lokacije. Ako se radi o izvozu, mi<br \/>preuzimamo kompletnu dokumentaciju i carinske procedure izvoza.<\/p>\t\t\t\t\t\t\t\t<\/div>\n\t\t\t\t\t<\/div>\n\t\t\t\t<\/div>\n\t\t<div class=\"elementor-element elementor-element-c6676bb e-flex e-con-boxed e-con e-parent\" data-id=\"c6676bb\" data-element_type=\"container\" data-settings=\"{&quot;background_background&quot;:&quot;classic&quot;}\">\n\t\t\t\t\t<div class=\"e-con-inner\">\n\t\t\t\t<div class=\"elementor-element elementor-element-316626c animated-fast elementor-invisible elementor-widget elementor-widget-heading\" data-id=\"316626c\" data-element_type=\"widget\" data-settings=\"{&quot;_animation&quot;:&quot;fadeInUp&quot;,&quot;_animation_delay&quot;:200}\" data-widget_type=\"heading.default\">\n\t\t\t\t\t<h2 class=\"elementor-heading-title elementor-size-default\">6. Monta\u017ea ku\u0107e na licu mesta<\/h2>\t\t\t\t<\/div>\n\t\t\t\t<div class=\"elementor-element elementor-element-f37bac0 animated-fast elementor-invisible elementor-widget elementor-widget-text-editor\" data-id=\"f37bac0\" data-element_type=\"widget\" data-settings=\"{&quot;_animation&quot;:&quot;fadeInUp&quot;,&quot;_animation_delay&quot;:200}\" data-widget_type=\"text-editor.default\">\n\t\t\t\t\t\t\t\t\t<p>Monta\u017ea je brza i precizna: trajanje zavisi od veli\u010dine objekta, ali &#8220;single&#8221; jedinice su<br \/>montirane za svega par sati i odmah spremne za upotrebu. Na\u0161 tim dolazi na lice mesta i<br \/>odradjuje komlpetnu instalaciju i zavr\u0161ne radove ukoliko je potrebno, a vi brzo dobijate<br \/>funkcionalan prostor.<\/p>\t\t\t\t\t\t\t\t<\/div>\n\t\t\t\t\t<\/div>\n\t\t\t\t<\/div>\n\t\t<div class=\"elementor-element elementor-element-7f105fc e-flex e-con-boxed e-con e-parent\" data-id=\"7f105fc\" data-element_type=\"container\" data-settings=\"{&quot;background_background&quot;:&quot;classic&quot;}\">\n\t\t\t\t\t<div class=\"e-con-inner\">\n\t\t\t\t<div class=\"elementor-element elementor-element-b03094c animated-fast elementor-invisible elementor-widget elementor-widget-heading\" data-id=\"b03094c\" data-element_type=\"widget\" data-settings=\"{&quot;_animation&quot;:&quot;fadeInUp&quot;,&quot;_animation_delay&quot;:200}\" data-widget_type=\"heading.default\">\n\t\t\t\t\t<h2 class=\"elementor-heading-title elementor-size-default\">7. Primopredaja jedinice<\/h2>\t\t\t\t<\/div>\n\t\t\t\t<div class=\"elementor-element elementor-element-326225f animated-fast elementor-invisible elementor-widget elementor-widget-text-editor\" data-id=\"326225f\" data-element_type=\"widget\" data-settings=\"{&quot;_animation&quot;:&quot;fadeInUp&quot;,&quot;_animation_delay&quot;:200}\" data-widget_type=\"text-editor.default\">\n\t\t\t\t\t\t\t\t\t<p>Na kraju, predajemo vam klju\u010deve uz kompletnu dokumentaciju, uputstva za odr\u017eavanje i<br \/>garanciju. Osmeh zadovoljnog kupca je neizbe\u017ean \u2013 jer sada imate svoj dom, izgra\u0111en brzo,<br \/>kvalitetno i po va\u0161oj meri!<\/p>\t\t\t\t\t\t\t\t<\/div>\n\t\t\t\t\t<\/div>\n\t\t\t\t<\/div>\n\t\t<div class=\"elementor-element elementor-element-3f3f863 e-flex e-con-boxed e-con e-parent\" data-id=\"3f3f863\" data-element_type=\"container\">\n\t\t\t\t\t<div class=\"e-con-inner\">\n\t\t\t\t<div class=\"elementor-element elementor-element-b8aa196 elementor-widget elementor-widget-text-editor\" data-id=\"b8aa196\" data-element_type=\"widget\" data-widget_type=\"text-editor.default\">\n\t\t\t\t\t\t\t\t\t<p>Kontaktirajte nas<\/p>\t\t\t\t\t\t\t\t<\/div>\n\t\t\t\t\t<\/div>\n\t\t\t\t<\/div>\n\t\t<div class=\"elementor-element elementor-element-36c4c1b e-flex e-con-boxed e-con e-parent\" data-id=\"36c4c1b\" data-element_type=\"container\">\n\t\t\t\t\t<div class=\"e-con-inner\">\n\t\t\t\t<div class=\"elementor-element elementor-element-4f11bcc elementor-widget elementor-widget-text-editor\" data-id=\"4f11bcc\" data-element_type=\"widget\" data-widget_type=\"text-editor.default\">\n\t\t\t\t\t\t\t\t\t\n<div class=\"wpcf7 no-js\" id=\"wpcf7-f22190-o1\" lang=\"sr-RS\" dir=\"ltr\" data-wpcf7-id=\"22190\">\n<div class=\"screen-reader-response\"><p role=\"status\" aria-live=\"polite\" aria-atomic=\"true\"><\/p> <ul><\/ul><\/div>\n<form action=\"\/sr\/wp-json\/wp\/v2\/pages\/21938#wpcf7-f22190-o1\" method=\"post\" class=\"wpcf7-form init\" aria-label=\"Contact form\" novalidate=\"novalidate\" data-status=\"init\">\n<fieldset class=\"hidden-fields-container\"><input type=\"hidden\" name=\"_wpcf7\" value=\"22190\" \/><input type=\"hidden\" name=\"_wpcf7_version\" value=\"6.1.4\" \/><input type=\"hidden\" name=\"_wpcf7_locale\" value=\"sr_RS\" \/><input type=\"hidden\" name=\"_wpcf7_unit_tag\" value=\"wpcf7-f22190-o1\" \/><input type=\"hidden\" name=\"_wpcf7_container_post\" value=\"0\" \/><input type=\"hidden\" name=\"_wpcf7_posted_data_hash\" value=\"\" \/>\n<\/fieldset>\n<p><label> Va\u0161e ime <\/label><br \/>\n<span class=\"wpcf7-form-control-wrap\" data-name=\"your-name\"><input size=\"40\" maxlength=\"400\" class=\"wpcf7-form-control wpcf7-text wpcf7-validates-as-required\" autocomplete=\"name\" aria-required=\"true\" aria-invalid=\"false\" value=\"\" type=\"text\" name=\"your-name\" \/><\/span>\n<\/p>\n<p><label> Va\u0161a email adresa <\/label><br \/>\n<span class=\"wpcf7-form-control-wrap\" data-name=\"your-email\"><input size=\"40\" maxlength=\"400\" class=\"wpcf7-form-control wpcf7-email wpcf7-validates-as-required wpcf7-text wpcf7-validates-as-email\" autocomplete=\"email\" aria-required=\"true\" aria-invalid=\"false\" value=\"\" type=\"email\" name=\"your-email\" \/><\/span>\n<\/p>\n<p><label> Va\u0161a dr\u017eava <\/label><br \/>\n<span class=\"wpcf7-form-control-wrap\" data-name=\"your-country\"><input size=\"40\" maxlength=\"400\" class=\"wpcf7-form-control wpcf7-text wpcf7-validates-as-required\" aria-required=\"true\" aria-invalid=\"false\" value=\"\" type=\"text\" name=\"your-country\" \/><\/span>\n<\/p>\n<p><label> Va\u0161a poruka <\/label><br \/>\n<span class=\"wpcf7-form-control-wrap\" data-name=\"textarea-812\"><textarea cols=\"40\" rows=\"10\" maxlength=\"2000\" class=\"wpcf7-form-control wpcf7-textarea wpcf7-validates-as-required\" aria-required=\"true\" aria-invalid=\"false\" name=\"textarea-812\"><\/textarea><\/span>\n<\/p>\n<p><input class=\"wpcf7-form-control wpcf7-submit has-spinner\" type=\"submit\" value=\"Po\u0161alji\" \/>\n<\/p><div class=\"wpcf7-response-output\" aria-hidden=\"true\"><\/div>\n<\/form>\n<\/div>\n\t\t\t\t\t\t\t\t<\/div>\n\t\t\t\t\t<\/div>\n\t\t\t\t<\/div>\n\t\t\t\t<\/div>\n\t\t","protected":false},"excerpt":{"rendered":"<p>Kompletan postupak za dobijanje va\u0161e modularne Avala Home ku\u0107e U Avala Home verujemo da san o savr\u0161enom domu po\u010dinje jednim korakom. Na\u0161 proces je transparentan, efikasan i prilago\u0111en va\u0161im potrebama \u2013 od prve ideje do klju\u010deva u rukama. Evo kako izgleda put do va\u0161e nove ku\u0107e: 1. Ideja Sve po\u010dinje va\u0161om vizijom! Kontaktirajte nas sa [&hellip;]<\/p>\n","protected":false},"author":1,"featured_media":0,"parent":0,"menu_order":0,"comment_status":"closed","ping_status":"closed","template":"template\/template-homepage.php","meta":{"footnotes":""},"class_list":["post-21938","page","type-page","status-publish","hentry"],"aioseo_notices":[],"_links":{"self":[{"href":"https:\/\/avala-home.com\/sr\/wp-json\/wp\/v2\/pages\/21938","targetHints":{"allow":["GET"]}}],"collection":[{"href":"https:\/\/avala-home.com\/sr\/wp-json\/wp\/v2\/pages"}],"about":[{"href":"https:\/\/avala-home.com\/sr\/wp-json\/wp\/v2\/types\/page"}],"author":[{"embeddable":true,"href":"https:\/\/avala-home.com\/sr\/wp-json\/wp\/v2\/users\/1"}],"replies":[{"embeddable":true,"href":"https:\/\/avala-home.com\/sr\/wp-json\/wp\/v2\/comments?post=21938"}],"version-history":[{"count":26,"href":"https:\/\/avala-home.com\/sr\/wp-json\/wp\/v2\/pages\/21938\/revisions"}],"predecessor-version":[{"id":23359,"href":"https:\/\/avala-home.com\/sr\/wp-json\/wp\/v2\/pages\/21938\/revisions\/23359"}],"wp:attachment":[{"href":"https:\/\/avala-home.com\/sr\/wp-json\/wp\/v2\/media?parent=21938"}],"curies":[{"name":"wp","href":"https:\/\/api.w.org\/{rel}","templated":true}]}}