{"id":21931,"date":"2025-11-24T08:43:18","date_gmt":"2025-11-24T08:43:18","guid":{"rendered":"http:\/\/avala-home.com\/construct-your-own-unit\/"},"modified":"2026-01-12T08:34:02","modified_gmt":"2026-01-12T08:34:02","slug":"construct-your-own-unit","status":"publish","type":"page","link":"https:\/\/avala-home.com\/sr\/construct-your-own-unit\/","title":{"rendered":"Construct your own unit"},"content":{"rendered":"\t\t<div data-elementor-type=\"wp-page\" data-elementor-id=\"21931\" class=\"elementor elementor-21931 elementor-19866\">\n\t\t\t\t<div class=\"elementor-element elementor-element-b204202 e-flex e-con-boxed e-con e-parent\" data-id=\"b204202\" data-element_type=\"container\" data-settings=\"{&quot;background_background&quot;:&quot;classic&quot;}\">\n\t\t\t\t\t<div class=\"e-con-inner\">\n\t\t<div class=\"elementor-element elementor-element-9a12854 e-con-full e-flex e-con e-child\" data-id=\"9a12854\" data-element_type=\"container\">\n\t\t<div class=\"elementor-element elementor-element-3f6b242 e-con-full e-flex e-con e-child\" data-id=\"3f6b242\" data-element_type=\"container\">\n\t\t<div class=\"elementor-element elementor-element-1e22a57 e-con-full e-flex e-con e-child\" data-id=\"1e22a57\" data-element_type=\"container\">\n\t\t\t\t<div class=\"elementor-element elementor-element-0c93785 elementor-widget elementor-widget-image\" data-id=\"0c93785\" data-element_type=\"widget\" data-widget_type=\"image.default\">\n\t\t\t\t\t\t\t\t\t\t\t\t\t\t\t<img decoding=\"async\" src=\"https:\/\/avala-home.com\/wp-content\/uploads\/elementor\/thumbs\/customize-home-1-rhjepaxpgcln056s35seozryoen758do6mut3rmq9c.webp\" title=\"customize-home\" alt=\"customize-home\" loading=\"lazy\" \/>\t\t\t\t\t\t\t\t\t\t\t\t\t\t\t<\/div>\n\t\t\t\t<\/div>\n\t\t\t\t<\/div>\n\t\t\t\t<\/div>\n\t\t\t\t\t<\/div>\n\t\t\t\t<\/div>\n\t\t<div class=\"elementor-element elementor-element-832ff39 e-flex e-con-boxed e-con e-parent\" data-id=\"832ff39\" data-element_type=\"container\" data-settings=\"{&quot;background_background&quot;:&quot;classic&quot;}\">\n\t\t\t\t\t<div class=\"e-con-inner\">\n\t\t<div class=\"elementor-element elementor-element-ec060b1 e-con-full e-flex e-con e-child\" data-id=\"ec060b1\" data-element_type=\"container\">\n\t\t<div class=\"elementor-element elementor-element-b874bff e-grid e-con-full e-con e-child\" data-id=\"b874bff\" data-element_type=\"container\">\n\t\t<div class=\"elementor-element elementor-element-39a2f68 e-con-full e-flex e-con e-child\" data-id=\"39a2f68\" data-element_type=\"container\">\n\t\t\t\t<div class=\"elementor-element elementor-element-79b96d7 animated-fast elementor-invisible elementor-widget elementor-widget-text-editor\" data-id=\"79b96d7\" data-element_type=\"widget\" data-settings=\"{&quot;_animation&quot;:&quot;fadeInUp&quot;,&quot;_animation_delay&quot;:200}\" data-widget_type=\"text-editor.default\">\n\t\t\t\t\t\t\t\t\t<h4 class=\"wp-block-heading has-text-align-left has-cardo-font-family\"><strong>Iska\u017eite svoje dizajnerske ideje<\/strong><br data-start=\"34\" data-end=\"37\" \/><strong>uz Avala Home<\/strong><\/h4><p data-start=\"52\" data-end=\"270\">Avala Home je va\u0161 partner u stvaranju prostora sa jedinstvenim karakterom i trajnim kvalitetom. Na\u0161i arhitekti imaju bogato iskustvo u individualnom i modularnom dizajnu, spajaju\u0107i kreativne ideje sa vrhunskom izradom.<\/p><p data-start=\"272\" data-end=\"404\">Vodimo vas kroz ceo proces \u2013 od prve skice do zavr\u0161nih detalja, preuzimaju\u0107i sve, od enterijerskog dizajna do planske dokumentacije.<\/p><p data-start=\"406\" data-end=\"498\" data-is-last-node=\"\" data-is-only-node=\"\">Spremni da zapo\u010dnete? Popunite formular kako biste zakazali konsultacije i o\u017eiveli svoj dom.<\/p>\t\t\t\t\t\t\t\t<\/div>\n\t\t\t\t<\/div>\n\t\t<div class=\"elementor-element elementor-element-fc5b6c3 e-con-full e-flex e-con e-child\" data-id=\"fc5b6c3\" data-element_type=\"container\">\n\t\t\t\t<div class=\"elementor-element elementor-element-c41f764 elementor-widget elementor-widget-image\" data-id=\"c41f764\" data-element_type=\"widget\" data-widget_type=\"image.default\">\n\t\t\t\t\t\t\t\t\t\t\t\t\t\t\t<img decoding=\"async\" src=\"https:\/\/avala-home.com\/wp-content\/uploads\/elementor\/thumbs\/image-engineering-objects-1-rhjeqi61nquc8x24uvuqbzmptiuak4gr9wpmccpufs.webp\" title=\"image-engineering-objects\" alt=\"image-engineering-objects\" loading=\"lazy\" \/>\t\t\t\t\t\t\t\t\t\t\t\t\t\t\t<\/div>\n\t\t\t\t<\/div>\n\t\t\t\t<\/div>\n\t\t\t\t<\/div>\n\t\t\t\t\t<\/div>\n\t\t\t\t<\/div>\n\t\t<div class=\"elementor-element elementor-element-398ea1b e-flex e-con-boxed e-con e-parent\" data-id=\"398ea1b\" data-element_type=\"container\" data-settings=\"{&quot;background_background&quot;:&quot;classic&quot;}\">\n\t\t\t\t\t<div class=\"e-con-inner\">\n\t\t<div class=\"elementor-element elementor-element-9890c77 e-con-full e-flex e-con e-child\" data-id=\"9890c77\" data-element_type=\"container\">\n\t\t<div class=\"elementor-element elementor-element-415f128 e-grid e-con-full e-con e-child\" data-id=\"415f128\" data-element_type=\"container\">\n\t\t<div class=\"elementor-element elementor-element-6c74a1a e-con-full e-flex e-con e-child\" data-id=\"6c74a1a\" data-element_type=\"container\">\n\t\t\t\t<div class=\"elementor-element elementor-element-eed17f6 animated-fast elementor-invisible elementor-widget elementor-widget-text-editor\" data-id=\"eed17f6\" data-element_type=\"widget\" data-settings=\"{&quot;_animation&quot;:&quot;fadeInUp&quot;,&quot;_animation_delay&quot;:200}\" data-widget_type=\"text-editor.default\">\n\t\t\t\t\t\t\t\t\t<h4 data-start=\"0\" data-end=\"45\"><strong data-start=\"0\" data-end=\"45\">Zami\u0161ljajte jedinstveno. Gradite pametno.<\/strong><\/h4><p data-start=\"47\" data-end=\"320\" data-is-last-node=\"\" data-is-only-node=\"\">Podr\u017eavamo hrabre ideje i originalno razmi\u0161ljanje. Svaki dizajn po\u010dinje od prazne strane, gde spajamo kreativnost sa odgovorno\u0161\u0107u kako bismo stvorili upe\u010datljive i funkcionalne prostore. Zajedno mo\u017eemo graditi vizionarsku budu\u0107nost \u2014 jedan po jedan revolucionaran projekat.<\/p>\t\t\t\t\t\t\t\t<\/div>\n\t\t\t\t<\/div>\n\t\t<div class=\"elementor-element elementor-element-cfe1db9 e-con-full e-flex e-con e-child\" data-id=\"cfe1db9\" data-element_type=\"container\">\n\t\t\t\t<div class=\"elementor-element elementor-element-47998cb elementor-widget elementor-widget-image\" data-id=\"47998cb\" data-element_type=\"widget\" data-widget_type=\"image.default\">\n\t\t\t\t\t\t\t\t\t\t\t\t\t\t\t<img decoding=\"async\" src=\"https:\/\/avala-home.com\/wp-content\/uploads\/elementor\/thumbs\/IMG_7530-1-rhjerf2eay3dj9qcis2o99bum0c51j3d2fjm51d2e0.webp\" title=\"IMG_7530\" alt=\"IMG_7530\" loading=\"lazy\" \/>\t\t\t\t\t\t\t\t\t\t\t\t\t\t\t<\/div>\n\t\t\t\t<\/div>\n\t\t\t\t<\/div>\n\t\t\t\t<\/div>\n\t\t\t\t\t<\/div>\n\t\t\t\t<\/div>\n\t\t<div class=\"elementor-element elementor-element-ca98bb0 e-flex e-con-boxed e-con e-parent\" data-id=\"ca98bb0\" data-element_type=\"container\" data-settings=\"{&quot;background_background&quot;:&quot;classic&quot;}\">\n\t\t\t\t\t<div class=\"e-con-inner\">\n\t\t<div class=\"elementor-element elementor-element-264e9ae e-con-full e-flex e-con e-child\" data-id=\"264e9ae\" data-element_type=\"container\">\n\t\t<div class=\"elementor-element elementor-element-e75fd90 e-grid e-con-full e-con e-child\" data-id=\"e75fd90\" data-element_type=\"container\">\n\t\t<div class=\"elementor-element elementor-element-3005100 e-con-full e-flex e-con e-child\" data-id=\"3005100\" data-element_type=\"container\">\n\t\t\t\t<div class=\"elementor-element elementor-element-c617fae elementor-widget elementor-widget-image\" data-id=\"c617fae\" data-element_type=\"widget\" data-widget_type=\"image.default\">\n\t\t\t\t\t\t\t\t\t\t\t\t\t\t\t<img decoding=\"async\" src=\"https:\/\/avala-home.com\/wp-content\/uploads\/elementor\/thumbs\/image00044-1-rhjerwxfkd54hvhlv8e3evcp0cj031pf49pcpi2974.webp\" title=\"image00044\" alt=\"image00044\" loading=\"lazy\" \/>\t\t\t\t\t\t\t\t\t\t\t\t\t\t\t<\/div>\n\t\t\t\t<\/div>\n\t\t<div class=\"elementor-element elementor-element-99fbff2 e-con-full e-flex e-con e-child\" data-id=\"99fbff2\" data-element_type=\"container\">\n\t\t\t\t<div class=\"elementor-element elementor-element-4c79633 animated-fast elementor-invisible elementor-widget elementor-widget-text-editor\" data-id=\"4c79633\" data-element_type=\"widget\" data-settings=\"{&quot;_animation&quot;:&quot;fadeInUp&quot;,&quot;_animation_delay&quot;:200}\" data-widget_type=\"text-editor.default\">\n\t\t\t\t\t\t\t\t\t<blockquote><h4 data-start=\"0\" data-end=\"50\"><strong data-start=\"0\" data-end=\"50\">Va\u0161a vizija, na\u0161a ve\u0161tina. Jedan dom po jedan.<\/strong><\/h4><p data-start=\"52\" data-end=\"336\" data-is-last-node=\"\" data-is-only-node=\"\">Spajamo vrhunski dizajn sa iskusnom izradom kako bismo gradili domove po meri. Od privatnih ku\u0107a do objekata za zajednicu, stvaramo lepe i funkcionalne prostore. Svaki projekat odra\u017eava na\u0161u posve\u0107enost kvalitetu i preciznosti, rezultiraju\u0107i domom koji je jedinstveno prilago\u0111en vama.<\/p><\/blockquote>\t\t\t\t\t\t\t\t<\/div>\n\t\t\t\t<\/div>\n\t\t\t\t<\/div>\n\t\t\t\t<\/div>\n\t\t\t\t\t<\/div>\n\t\t\t\t<\/div>\n\t\t<div class=\"elementor-element elementor-element-f01e2a3 e-flex e-con-boxed e-con e-parent\" data-id=\"f01e2a3\" data-element_type=\"container\">\n\t\t\t\t\t<div class=\"e-con-inner\">\n\t\t\t\t<div class=\"elementor-element elementor-element-ad52473 elementor-widget elementor-widget-text-editor\" data-id=\"ad52473\" data-element_type=\"widget\" data-widget_type=\"text-editor.default\">\n\t\t\t\t\t\t\t\t\t<h2 data-start=\"0\" data-end=\"34\"><strong data-start=\"0\" data-end=\"34\">Izgradite svoju viziju sa nama<\/strong><\/h2><div class=\"text-base font-light leading-normal text-black\"><div class=\"ds-message _63c77b1\"><div class=\"ds-markdown\"><p class=\"ds-markdown-paragraph\">Besplatno savetovanje za va\u0161 budu\u0107i dom<\/p><\/div><\/div><div class=\"ds-theme\">\u00a0<\/div><div class=\"ds-flex _0a3d93b\"><div class=\"ds-flex _965abe9 _54866f7\"><div class=\"db183363 ds-icon-button ds-icon-button--m ds-icon-button--sizing-container\" tabindex=\"0\" role=\"button\" aria-disabled=\"false\">\u00a0<\/div><\/div><\/div><\/div>\t\t\t\t\t\t\t\t<\/div>\n\t\t\t\t\t<\/div>\n\t\t\t\t<\/div>\n\t\t<div class=\"elementor-element elementor-element-5f1c44e e-flex e-con-boxed e-con e-parent\" data-id=\"5f1c44e\" data-element_type=\"container\">\n\t\t\t\t\t<div class=\"e-con-inner\">\n\t\t\t\t<div class=\"elementor-element elementor-element-5e64e24 elementor-widget elementor-widget-text-editor\" data-id=\"5e64e24\" data-element_type=\"widget\" data-widget_type=\"text-editor.default\">\n\t\t\t\t\t\t\t\t\t\n<div class=\"wpcf7 no-js\" id=\"wpcf7-f22190-o1\" lang=\"sr-RS\" dir=\"ltr\" data-wpcf7-id=\"22190\">\n<div class=\"screen-reader-response\"><p role=\"status\" aria-live=\"polite\" aria-atomic=\"true\"><\/p> <ul><\/ul><\/div>\n<form action=\"\/sr\/wp-json\/wp\/v2\/pages\/21931#wpcf7-f22190-o1\" method=\"post\" class=\"wpcf7-form init\" aria-label=\"Contact form\" novalidate=\"novalidate\" data-status=\"init\">\n<fieldset class=\"hidden-fields-container\"><input type=\"hidden\" name=\"_wpcf7\" value=\"22190\" \/><input type=\"hidden\" name=\"_wpcf7_version\" value=\"6.1.4\" \/><input type=\"hidden\" name=\"_wpcf7_locale\" value=\"sr_RS\" \/><input type=\"hidden\" name=\"_wpcf7_unit_tag\" value=\"wpcf7-f22190-o1\" \/><input type=\"hidden\" name=\"_wpcf7_container_post\" value=\"0\" \/><input type=\"hidden\" name=\"_wpcf7_posted_data_hash\" value=\"\" \/>\n<\/fieldset>\n<p><label> Va\u0161e ime <\/label><br \/>\n<span class=\"wpcf7-form-control-wrap\" data-name=\"your-name\"><input size=\"40\" maxlength=\"400\" class=\"wpcf7-form-control wpcf7-text wpcf7-validates-as-required\" autocomplete=\"name\" aria-required=\"true\" aria-invalid=\"false\" value=\"\" type=\"text\" name=\"your-name\" \/><\/span>\n<\/p>\n<p><label> Va\u0161a email adresa <\/label><br \/>\n<span class=\"wpcf7-form-control-wrap\" data-name=\"your-email\"><input size=\"40\" maxlength=\"400\" class=\"wpcf7-form-control wpcf7-email wpcf7-validates-as-required wpcf7-text wpcf7-validates-as-email\" autocomplete=\"email\" aria-required=\"true\" aria-invalid=\"false\" value=\"\" type=\"email\" name=\"your-email\" \/><\/span>\n<\/p>\n<p><label> Va\u0161a dr\u017eava <\/label><br \/>\n<span class=\"wpcf7-form-control-wrap\" data-name=\"your-country\"><input size=\"40\" maxlength=\"400\" class=\"wpcf7-form-control wpcf7-text wpcf7-validates-as-required\" aria-required=\"true\" aria-invalid=\"false\" value=\"\" type=\"text\" name=\"your-country\" \/><\/span>\n<\/p>\n<p><label> Va\u0161a poruka <\/label><br \/>\n<span class=\"wpcf7-form-control-wrap\" data-name=\"textarea-812\"><textarea cols=\"40\" rows=\"10\" maxlength=\"2000\" class=\"wpcf7-form-control wpcf7-textarea wpcf7-validates-as-required\" aria-required=\"true\" aria-invalid=\"false\" name=\"textarea-812\"><\/textarea><\/span>\n<\/p>\n<p><input class=\"wpcf7-form-control wpcf7-submit has-spinner\" type=\"submit\" value=\"Po\u0161alji\" \/>\n<\/p><div class=\"wpcf7-response-output\" aria-hidden=\"true\"><\/div>\n<\/form>\n<\/div>\n\t\t\t\t\t\t\t\t<\/div>\n\t\t\t\t\t<\/div>\n\t\t\t\t<\/div>\n\t\t\t\t<\/div>\n\t\t","protected":false},"excerpt":{"rendered":"<p>Iska\u017eite svoje dizajnerske idejeuz Avala Home Avala Home je va\u0161 partner u stvaranju prostora sa jedinstvenim karakterom i trajnim kvalitetom. Na\u0161i arhitekti imaju bogato iskustvo u individualnom i modularnom dizajnu, spajaju\u0107i kreativne ideje sa vrhunskom izradom. Vodimo vas kroz ceo proces \u2013 od prve skice do zavr\u0161nih detalja, preuzimaju\u0107i sve, od enterijerskog dizajna do planske [&hellip;]<\/p>\n","protected":false},"author":1,"featured_media":0,"parent":0,"menu_order":0,"comment_status":"closed","ping_status":"closed","template":"template\/template-homepage.php","meta":{"footnotes":""},"class_list":["post-21931","page","type-page","status-publish","hentry"],"aioseo_notices":[],"_links":{"self":[{"href":"https:\/\/avala-home.com\/sr\/wp-json\/wp\/v2\/pages\/21931","targetHints":{"allow":["GET"]}}],"collection":[{"href":"https:\/\/avala-home.com\/sr\/wp-json\/wp\/v2\/pages"}],"about":[{"href":"https:\/\/avala-home.com\/sr\/wp-json\/wp\/v2\/types\/page"}],"author":[{"embeddable":true,"href":"https:\/\/avala-home.com\/sr\/wp-json\/wp\/v2\/users\/1"}],"replies":[{"embeddable":true,"href":"https:\/\/avala-home.com\/sr\/wp-json\/wp\/v2\/comments?post=21931"}],"version-history":[{"count":22,"href":"https:\/\/avala-home.com\/sr\/wp-json\/wp\/v2\/pages\/21931\/revisions"}],"predecessor-version":[{"id":23286,"href":"https:\/\/avala-home.com\/sr\/wp-json\/wp\/v2\/pages\/21931\/revisions\/23286"}],"wp:attachment":[{"href":"https:\/\/avala-home.com\/sr\/wp-json\/wp\/v2\/media?parent=21931"}],"curies":[{"name":"wp","href":"https:\/\/api.w.org\/{rel}","templated":true}]}}